{"id":1035,"date":"2019-01-30T10:26:22","date_gmt":"2019-01-30T09:26:22","guid":{"rendered":"http:\/\/sppolna.gminagrybow.pl\/?page_id=1035"},"modified":"2026-01-29T08:13:55","modified_gmt":"2026-01-29T07:13:55","slug":"dokumenty-do-pobrania","status":"publish","type":"page","link":"https:\/\/sppolna.gminagrybow.pl\/?page_id=1035","title":{"rendered":"Zaj\u0119cia edukacyjne- dokumenty do pobrania"},"content":{"rendered":"\n<ol>\n<li>Wymaganiach edukacyjne niezb\u0119dne do otrzymania poszczeg\u00f3lnych  \u015br\u00f3drocznych i rocznych ocen klasyfikacyjnych z zaj\u0119\u0107 edukacyjnych,  wynikaj\u0105cych z realizowanego przez nauczyciela programu nauczania;<\/li>\n\n\n\n<li>Sposoby sprawdzania osi\u0105gni\u0119\u0107 edukacyjnych uczni\u00f3w;<\/li>\n\n\n\n<li>Warunki i tryb otrzymania wy\u017cszej ni\u017c przewidywana rocznej oceny klasyfikacyjnej z zaj\u0119\u0107 edukacyjnych<\/li>\n<\/ol>\n\n\n\n<figure class=\"wp-block-table\"><table><tbody><tr><td><\/td><td>3-4 latki<\/td><td>5-6 latki<\/td><\/tr><tr><td>Oddzia\u0142y <br>przedszkole<\/td><td><a href=\"https:\/\/sppolna.gminagrybow.pl\/wp-content\/uploads\/2025\/09\/Wymagania-edukacyjne_3latki.pdf\" target=\"_blank\" rel=\"noreferrer noopener\">Wymagania edukacyjne_3latki<\/a><br><a href=\"https:\/\/sppolna.gminagrybow.pl\/wp-content\/uploads\/2025\/09\/Wymagania-edukacyjne_4latki.pdf\" target=\"_blank\" rel=\"noreferrer noopener\">Wymagania edukacyjne_4latki<\/a><\/td><td><a href=\"https:\/\/sppolna.gminagrybow.pl\/wp-content\/uploads\/2025\/09\/wy-5.pdf\" target=\"_blank\" rel=\"noreferrer noopener\">Wymagania edukacyjne 5latki<\/a><br><a href=\"https:\/\/sppolna.gminagrybow.pl\/wp-content\/uploads\/2025\/09\/wy_6.pdf\" target=\"_blank\" rel=\"noreferrer noopener\">Wymagania edukacyjne 6 latki<\/a><\/td><\/tr><\/tbody><\/table><\/figure>\n\n\n\n<div class=\"wp-block-columns is-layout-flex wp-container-core-columns-layout-1 wp-block-columns-is-layout-flex\">\n<div class=\"wp-block-column is-layout-flow wp-block-column-is-layout-flow\" style=\"flex-basis:100%\">\n<figure class=\"wp-block-table\"><table class=\"has-fixed-layout\"><tbody><tr><td><\/td><td>Klasa1<\/td><td>Klasa 2<\/td><td>Klasa 3<\/td><\/tr><tr><td>Edukacja <br>wczesnoszkolna<\/td><td><a href=\"https:\/\/sppolna.gminagrybow.pl\/wp-content\/uploads\/2025\/09\/Wymagania-edukacyjne-niezbedne-do-uzyskania-poszczegolnych-srodrocznych-i-rocznych-ocen-klasyfikacyjnych-z-zajec-edukacyjnych-\u2013-edukacja-wczesnoszkolna-kl.1.pdf\" target=\"_blank\" rel=\"noreferrer noopener\">1. Wymagania edukacyjne<\/a><br><a href=\"https:\/\/sppolna.gminagrybow.pl\/wp-content\/uploads\/2025\/09\/Sposoby-sprawdzania-osiagniec-w-edukacji-wczesnoszkolnej.pdf\" target=\"_blank\" rel=\"noreferrer noopener\">2. Sposoby sprawdzania osi\u0105gni\u0119\u0107<\/a><br><a href=\"https:\/\/sppolna.gminagrybow.pl\/wp-content\/uploads\/2025\/09\/Warunki-i-tryb-uzyskania-wyzszej-niz-przewidywana.pdf\" target=\"_blank\" rel=\"noreferrer noopener\">3. Warunki i tryb (&#8230;)<\/a><\/td><td><a href=\"https:\/\/sppolna.gminagrybow.pl\/wp-content\/uploads\/2025\/09\/Wymagania-edukacyjne-niezbedne-do-uzyskania-poszczegolnych-srodrocznych-i-rocznych-ocen-klasyfikacyjnych-z-zajec-edukacyjnych-\u2013-edukacja-wczesnoszkolna-kl.2.pdf\" target=\"_blank\" rel=\"noreferrer noopener\">1. Wymagania edukacyjne<\/a><br><a href=\"https:\/\/sppolna.gminagrybow.pl\/wp-content\/uploads\/2025\/09\/Sposoby-sprawdzania-osiagniec-w-edukacji-wczesnoszkolnej-1.pdf\" target=\"_blank\" rel=\"noreferrer noopener\">2. Sposoby sprawdzania osi\u0105gni\u0119\u0107<\/a>&nbsp;<br><a href=\"https:\/\/sppolna.gminagrybow.pl\/wp-content\/uploads\/2025\/09\/Warunki-i-tryb-uzyskania-wyzszej-niz-przewidywana-1.pdf\" target=\"_blank\" rel=\"noreferrer noopener\">3.Warunki i tryb (&#8230;)<\/a><\/td><td><a href=\"https:\/\/sppolna.gminagrybow.pl\/wp-content\/uploads\/2025\/09\/Wymagania-edukacyjne-niezbedne-do-uzyskania-poszczegolnych-srodrocznych-i-rocznych-ocen-klasyfikacyjnych-z-zajec-edukacyjnych-\u2013-edukacja-wczesnoszkolna-kl.3.pdf\" target=\"_blank\" rel=\"noreferrer noopener\">1. Wymagania edukacyjne<\/a><br><a href=\"https:\/\/sppolna.gminagrybow.pl\/wp-content\/uploads\/2025\/09\/Sposoby-sprawdzania-osiagniec-w-edukacji-wczesnoszkolnej-2.pdf\" target=\"_blank\" rel=\"noreferrer noopener\">2. Sposoby sprawdzania osi\u0105gni\u0119\u0107<\/a><br><a href=\"https:\/\/sppolna.gminagrybow.pl\/wp-content\/uploads\/2025\/09\/Warunki-i-tryb-uzyskania-wyzszej-niz-przewidywana-2.pdf\" target=\"_blank\" rel=\"noreferrer noopener\">3. Warunki i tryb (&#8230;)<\/a><\/td><\/tr><tr><td>J\u0119zyk obcy\/ <br>J\u0119zyk angielski<\/td><td><a href=\"https:\/\/sppolna.gminagrybow.pl\/wp-content\/uploads\/2025\/09\/Wymagania_sposoby_tryby_kl.1.pdf\" target=\"_blank\" rel=\"noreferrer noopener\">Wymagania (&#8230;) kl.1<\/a><\/td><td><a href=\"https:\/\/sppolna.gminagrybow.pl\/wp-content\/uploads\/2025\/09\/Wymagania_sposoby_tryby_kl.2.pdf\" target=\"_blank\" rel=\"noreferrer noopener\">Wymagania_(&#8230;) kl.2<\/a><\/td><td><a href=\"https:\/\/sppolna.gminagrybow.pl\/wp-content\/uploads\/2025\/09\/Wymagania_sposoby_tryby_kl.3.pdf\" target=\"_blank\" rel=\"noreferrer noopener\">Wymagania (&#8230;) kl.3<\/a><\/td><\/tr><tr><td>Religia<\/td><td><a href=\"https:\/\/sppolna.gminagrybow.pl\/wp-content\/uploads\/2026\/01\/Wymagania.-I-KL.-RELIGIA.odt\" target=\"_blank\" rel=\"noreferrer noopener\">Wymagania. kl.I\u00a0<\/a><br><a href=\"https:\/\/sppolna.gminagrybow.pl\/wp-content\/uploads\/2026\/01\/Sposoby-sprawdzania-osiagniec-klasach-I-II-IV-VII.odt\" target=\"_blank\" rel=\"noreferrer noopener\">Sposoby (&#8230;)<\/a><br><a href=\"https:\/\/sppolna.gminagrybow.pl\/wp-content\/uploads\/2026\/01\/Warunki-i-tryby-uzyskania-wyzszej-oceny-w-klasach-I-II-IV-VII-\u2014-kopia-3.odt\" target=\"_blank\" rel=\"noreferrer noopener\">Warunki i tryby (&#8230;)<\/a><\/td><td><a href=\"https:\/\/sppolna.gminagrybow.pl\/wp-content\/uploads\/2026\/01\/Wymagania-II-KL.-RELIGIA.odt\" target=\"_blank\" rel=\"noreferrer noopener\">Wymagania kl.II<\/a><br><a href=\"https:\/\/sppolna.gminagrybow.pl\/wp-content\/uploads\/2026\/01\/Sposoby-sprawdzania-osiagniec-klasach-I-II-IV-VII.odt\" target=\"_blank\" rel=\"noreferrer noopener\">Sposoby (&#8230;)<\/a><br><a href=\"https:\/\/sppolna.gminagrybow.pl\/wp-content\/uploads\/2026\/01\/Warunki-i-tryby-uzyskania-wyzszej-oceny-w-klasach-I-II-IV-VII-\u2014-kopia-3.odt\" target=\"_blank\" rel=\"noreferrer noopener\">Warunki i tryby (&#8230;)<\/a><\/td><td><a href=\"https:\/\/sppolna.gminagrybow.pl\/wp-content\/uploads\/2026\/01\/Sposoby-sprawdzania-osiagniec-klasach-I-II-IV-VII.odt\" target=\"_blank\" rel=\"noreferrer noopener\">Sposoby (&#8230;)<\/a><br><a href=\"https:\/\/sppolna.gminagrybow.pl\/wp-content\/uploads\/2026\/01\/Warunki-i-tryby-uzyskania-wyzszej-oceny-w-klasach-I-II-IV-VII-\u2014-kopia-3.odt\" target=\"_blank\" rel=\"noreferrer noopener\">Warunki i tryby (&#8230;)<\/a><\/td><\/tr><\/tbody><\/table><\/figure>\n<\/div>\n<\/div>\n\n\n\n<figure class=\"wp-block-table\"><table><tbody><tr><td>klasa\/<br>przedmiot<\/td><td>klasa 4<\/td><td>klasa 5<\/td><td>klasa 6<\/td><td>klasa 7<\/td><td>klasa 8<\/td><\/tr><tr><td>j. polski<\/td><td><a href=\"https:\/\/sppolna.gminagrybow.pl\/wp-content\/uploads\/2025\/09\/Jpol_SP_Slow_z_usm_kl_4_Wymag_edu_PP2024_1.pdf\" target=\"_blank\" rel=\"noreferrer noopener\">Wymagania kl.4<\/a> <br><a href=\"https:\/\/sppolna.gminagrybow.pl\/wp-content\/uploads\/2025\/09\/SPOSOBY-SPRAWDZANIUA-OSIAGNIEC-EDUKACYJNYCH-klasa-4.pdf\" target=\"_blank\" rel=\"noreferrer noopener\">Sposoby kl.4<\/a>&nbsp;<br><a href=\"https:\/\/sppolna.gminagrybow.pl\/wp-content\/uploads\/2025\/09\/WARUNKI-I-TRYB-UZYSKANIAklasa-4.pdf\">Warunki kl.4<\/a>&nbsp;   &nbsp;<\/td><td><a href=\"https:\/\/sppolna.gminagrybow.pl\/wp-content\/uploads\/2025\/09\/Jpol_SP_Slow_z_usm_kl_5_Wymag_edu_PP2024.pdf\" target=\"_blank\" rel=\"noreferrer noopener\">Wymagania kl.5<\/a> <br><a href=\"https:\/\/sppolna.gminagrybow.pl\/wp-content\/uploads\/2025\/09\/SPOSOBY-SPRAWDZANIUA-OSIAGNIEC-EDUKACYJNYCH-klasa-5.pdf\" target=\"_blank\" rel=\"noreferrer noopener\">Sposoby kl.5<\/a>&nbsp;<br><a href=\"https:\/\/sppolna.gminagrybow.pl\/wp-content\/uploads\/2025\/09\/WARUNKI-I-TRYB-UZYSKANIA-klasa-5.pdf\" target=\"_blank\" rel=\"noreferrer noopener\">Warunki kl.5<\/a><\/td><td><a href=\"https:\/\/sppolna.gminagrybow.pl\/wp-content\/uploads\/2025\/09\/WYMAGANIA-EDUKACYJNE-kl.-6.pdf\" target=\"_blank\" rel=\"noreferrer noopener\">Wymagania kl.6<\/a><br><a href=\"https:\/\/sppolna.gminagrybow.pl\/wp-content\/uploads\/2025\/09\/Sposoby-i-warunki-kl.-6.pdf\" target=\"_blank\" rel=\"noreferrer noopener\">Sposoby i warunki kl. 6<\/a>&nbsp;<\/td><td><a href=\"https:\/\/sppolna.gminagrybow.pl\/wp-content\/uploads\/2025\/09\/WYMAGANIA-EDUKACYJNE-kl.-7.pdf\" target=\"_blank\" rel=\"noreferrer noopener\">Wymagania kl.7<\/a><br><a href=\"https:\/\/sppolna.gminagrybow.pl\/wp-content\/uploads\/2025\/09\/Sposoby-i-warunki-kl.-7.pdf\" target=\"_blank\" rel=\"noreferrer noopener\">Sposoby i warunki kl. 7<\/a><\/td><td><a href=\"https:\/\/sppolna.gminagrybow.pl\/wp-content\/uploads\/2025\/09\/Jpol_SP_Mysli_i_slowa_kl_8_wymagania_edukacyjne_PODSTAWA-2024.pdf\" target=\"_blank\" rel=\"noreferrer noopener\">Wymagania kl.8<\/a><br><a href=\"https:\/\/sppolna.gminagrybow.pl\/wp-content\/uploads\/2025\/09\/SPOSOBY-SPRAWDZANIUA-OSIAGNIEC-EDUKACYJNYCH-klasa-8.pdf\" target=\"_blank\" rel=\"noreferrer noopener\">Sposoby kl.8<\/a>&nbsp;<br><a href=\"https:\/\/sppolna.gminagrybow.pl\/wp-content\/uploads\/2025\/09\/WARUNKI-I-TRYB-UZYSKANIA-klasa-8.pdf\" target=\"_blank\" rel=\"noreferrer noopener\">Warunki kl.8<\/a><\/td><\/tr><tr><td>j. angielski<\/td><td><a href=\"https:\/\/sppolna.gminagrybow.pl\/wp-content\/uploads\/2025\/09\/Wymagania_Sposoby_Warunki_klasa-4.pdf\" target=\"_blank\" rel=\"noreferrer noopener\">Wymagania(&#8230;) kl.4<\/a><\/td><td><a href=\"https:\/\/sppolna.gminagrybow.pl\/wp-content\/uploads\/2025\/09\/Wymagania_Sposoby_Warunki_klasa-5.pdf\" target=\"_blank\" rel=\"noreferrer noopener\">Wymagania_(&#8230;) kl.5 <\/a><\/td><td><a href=\"https:\/\/sppolna.gminagrybow.pl\/wp-content\/uploads\/2025\/09\/Wymagania_Sposoby_Warunki_klasa-6.pdf\" target=\"_blank\" rel=\"noreferrer noopener\">Wymagania_(&#8230;) kl.6<\/a><\/td><td><a href=\"https:\/\/sppolna.gminagrybow.pl\/wp-content\/uploads\/2025\/09\/Wymagania_Sposoby_Warunki_klasa-7.pdf\" target=\"_blank\" rel=\"noreferrer noopener\">Wymagania_(&#8230;) kl.7<\/a><\/td><td><a href=\"https:\/\/sppolna.gminagrybow.pl\/wp-content\/uploads\/2025\/09\/Wymagania_Sposoby_Warunki_klasa-8.pdf\" target=\"_blank\" rel=\"noreferrer noopener\">Wymagania_(&#8230;) kl.8<\/a><\/td><\/tr><tr><td>matematyka<\/td><td><a href=\"https:\/\/sppolna.gminagrybow.pl\/wp-content\/uploads\/2025\/09\/Wymagania-edukacyjne-\u201eMatematyka-w-punkt.pdf\" target=\"_blank\" rel=\"noreferrer noopener\">Wymagania kl.4<\/a><\/td><td><a href=\"https:\/\/sppolna.gminagrybow.pl\/wp-content\/uploads\/2025\/09\/wymagania-kl-5.pdf\" target=\"_blank\" rel=\"noreferrer noopener\">Wymagania kl 5<\/a><\/td><td><a href=\"https:\/\/sppolna.gminagrybow.pl\/wp-content\/uploads\/2025\/09\/wymagania-kl-6.pdf\" target=\"_blank\" rel=\"noreferrer noopener\">Wymagania kl 6<\/a><\/td><td><a href=\"https:\/\/sppolna.gminagrybow.pl\/wp-content\/uploads\/2025\/09\/wymagania-kl-7.pdf\" target=\"_blank\" rel=\"noreferrer noopener\">Wymagania kl 7<\/a><\/td><td><a href=\"https:\/\/sppolna.gminagrybow.pl\/wp-content\/uploads\/2025\/09\/wymagania-kl-8.pdf\" target=\"_blank\" rel=\"noreferrer noopener\">Wymagania kl 8<\/a><\/td><\/tr><tr><td>historia<\/td><td><a href=\"https:\/\/sppolna.gminagrybow.pl\/wp-content\/uploads\/2025\/09\/Wymagania-klasa-4.pdf\" target=\"_blank\" rel=\"noreferrer noopener\">Wymagania (&#8230;) kl.4<\/a><\/td><td><a href=\"https:\/\/sppolna.gminagrybow.pl\/wp-content\/uploads\/2025\/09\/wymagania-kl-5-1.pdf\" target=\"_blank\" rel=\"noreferrer noopener\">Wymagania (&#8230;) kl.5<\/a>&nbsp;<\/td><td><a href=\"https:\/\/sppolna.gminagrybow.pl\/wp-content\/uploads\/2025\/09\/wymagania-klasa-6.pdf\" target=\"_blank\" rel=\"noreferrer noopener\">Wymagania (&#8230;) kl.6<\/a><\/td><td><a href=\"https:\/\/sppolna.gminagrybow.pl\/wp-content\/uploads\/2025\/09\/wymagania-klasa-7.pdf\" target=\"_blank\" rel=\"noreferrer noopener\">Wymagania (&#8230;) kl.7<\/a><\/td><td><a href=\"https:\/\/sppolna.gminagrybow.pl\/wp-content\/uploads\/2025\/09\/wymagania-klas-8.pdf\" target=\"_blank\" rel=\"noreferrer noopener\">Wymagania (&#8230;) kl.8<\/a><\/td><\/tr><tr><td>wos<\/td><td>&#8211;<\/td><td>&#8211;<\/td><td>&#8211;<\/td><td>&#8211;<\/td><td><a href=\"https:\/\/sppolna.gminagrybow.pl\/wp-content\/uploads\/2025\/09\/wymagania-wos-kl-8.pdf\" target=\"_blank\" rel=\"noreferrer noopener\">Wymagania (&#8230;) kl 8<\/a><\/td><\/tr><tr><td>EDB<\/td><td>&#8211;<\/td><td>&#8211;<\/td><td>&#8211;<\/td><td>&#8211;<\/td><td><a href=\"https:\/\/sppolna.gminagrybow.pl\/wp-content\/uploads\/2025\/09\/wymagania-edukacyjne-z-edb.pdf\" target=\"_blank\" rel=\"noreferrer noopener\">Wymagania (&#8230;) kl.8<\/a><\/td><\/tr><tr><td>fizyka<\/td><td>&#8211;<\/td><td>&#8211;<\/td><td>&#8211;<\/td><td><a href=\"https:\/\/sppolna.gminagrybow.pl\/wp-content\/uploads\/2025\/09\/wymagania-edukacyjne-z-fizyki-w-kl-7.pdf\" target=\"_blank\" rel=\"noreferrer noopener\">Wymagania (&#8230;) kl.7<\/a><\/td><td><a href=\"https:\/\/sppolna.gminagrybow.pl\/wp-content\/uploads\/2025\/09\/wymagania-edukacyjne-z-fizyki-w-kl-8.pdf\" target=\"_blank\" rel=\"noreferrer noopener\">Wymagania (&#8230;)  kl.8<\/a><\/td><\/tr><tr><td>informatyka<\/td><td><a href=\"https:\/\/sppolna.gminagrybow.pl\/wp-content\/uploads\/2025\/09\/Wymagania-edukacyjne-kl-4.pdf\" target=\"_blank\" rel=\"noreferrer noopener\">Wymagania (&#8230;) kl.4<\/a><\/td><td><a href=\"https:\/\/sppolna.gminagrybow.pl\/wp-content\/uploads\/2025\/09\/wymagania-edukacyjne-z-informatyki-kl-5.pdf\" target=\"_blank\" rel=\"noreferrer noopener\">Wymagania (&#8230;) kl.5<\/a>&nbsp;<\/td><td><a href=\"https:\/\/sppolna.gminagrybow.pl\/wp-content\/uploads\/2025\/09\/Wymagania-edukacyjne-kl-6.pdf\" target=\"_blank\" rel=\"noreferrer noopener\">Wymagania (&#8230;) kl.6<\/a>&nbsp;<\/td><td><a href=\"https:\/\/sppolna.gminagrybow.pl\/wp-content\/uploads\/2025\/09\/wymagania-edukacyjne-z-informatyki-kl-7.pdf\" target=\"_blank\" rel=\"noreferrer noopener\">Wymagania (&#8230;) kl.7<\/a>&nbsp;<\/td><td><a href=\"https:\/\/sppolna.gminagrybow.pl\/wp-content\/uploads\/2025\/09\/wymagania-edukacyjne-z-informatyki-kl-8.pdf\" target=\"_blank\" rel=\"noreferrer noopener\">Wymagania (&#8230;) kl.8<\/a><\/td><\/tr><tr><td>technika<\/td><td><a href=\"https:\/\/sppolna.gminagrybow.pl\/wp-content\/uploads\/2025\/09\/TECHNIKA_KL.4_WYMAG.EDU-na-str.int_.pdf\" target=\"_blank\" rel=\"noreferrer noopener\">Wymagania (&#8230;) kl.4<\/a><\/td><td><a href=\"https:\/\/sppolna.gminagrybow.pl\/wp-content\/uploads\/2025\/09\/TECHNIKA_KL.5_WYMAG.EDU-na-str.int_.pdf\" target=\"_blank\" rel=\"noreferrer noopener\">Wymagania (&#8230;) kl.5<\/a><\/td><td><a href=\"https:\/\/sppolna.gminagrybow.pl\/wp-content\/uploads\/2025\/09\/TECHNIKA_KL.6_WYMAG.EDU-na-str.int_.pdf\" target=\"_blank\" rel=\"noreferrer noopener\">Wymagania (&#8230;) kl.6<\/a><\/td><td>&#8211;<\/td><td>&#8211;<\/td><\/tr><tr><td>religia<\/td><td><a href=\"https:\/\/sppolna.gminagrybow.pl\/wp-content\/uploads\/2026\/01\/Wymagania-IV-KL.-RELIGIA.odt\" target=\"_blank\" rel=\"noreferrer noopener\">Wymagania kl. IV\u00a0<\/a><br><a href=\"https:\/\/sppolna.gminagrybow.pl\/wp-content\/uploads\/2026\/01\/Sposoby-sprawdzania-osiagniec-klasach-I-II-IV-VII.odt\" target=\"_blank\" rel=\"noreferrer noopener\">Sposoby (&#8230;)<\/a><br><a href=\"https:\/\/sppolna.gminagrybow.pl\/wp-content\/uploads\/2026\/01\/Warunki-i-tryby-uzyskania-wyzszej-oceny-w-klasach-I-II-IV-VII-\u2014-kopia-3.odt\" target=\"_blank\" rel=\"noreferrer noopener\">Warunki i tryby (&#8230;)<\/a><\/td><td><a href=\"https:\/\/sppolna.gminagrybow.pl\/wp-content\/uploads\/2026\/01\/Wymagania-V-KL.-RELIGIA.odt\" target=\"_blank\" rel=\"noreferrer noopener\">Wymagania kl.V\u00a0<\/a><br><a href=\"https:\/\/sppolna.gminagrybow.pl\/wp-content\/uploads\/2026\/01\/Sposoby-sprawdzania-osiagniec-klasach-I-II-IV-VII.odt\" target=\"_blank\" rel=\"noreferrer noopener\">Sposoby (&#8230;)<\/a><br><a href=\"https:\/\/sppolna.gminagrybow.pl\/wp-content\/uploads\/2026\/01\/Warunki-i-tryby-uzyskania-wyzszej-oceny-w-klasach-I-II-IV-VII-\u2014-kopia-3.odt\" target=\"_blank\" rel=\"noreferrer noopener\">Warunki i tryby (&#8230;)<\/a><\/td><td><a href=\"https:\/\/sppolna.gminagrybow.pl\/wp-content\/uploads\/2026\/01\/Wymagania-VI-KL.RELIGIA.odt\" target=\"_blank\" rel=\"noreferrer noopener\">Wymagania kl.VI<\/a><br><a href=\"https:\/\/sppolna.gminagrybow.pl\/wp-content\/uploads\/2026\/01\/Sposoby-sprawdzania-osiagniec-klasach-I-II-IV-VII.odt\" target=\"_blank\" rel=\"noreferrer noopener\">Sposoby (&#8230;)<\/a><br><a href=\"https:\/\/sppolna.gminagrybow.pl\/wp-content\/uploads\/2026\/01\/Warunki-i-tryby-uzyskania-wyzszej-oceny-w-klasach-I-II-IV-VII-\u2014-kopia-3.odt\" target=\"_blank\" rel=\"noreferrer noopener\">Warunki i tryby (&#8230;)<\/a><\/td><td><a href=\"https:\/\/sppolna.gminagrybow.pl\/wp-content\/uploads\/2026\/01\/Wymagania-VII-KL-RELIGIA.odt\" target=\"_blank\" rel=\"noreferrer noopener\">Wymagania kl.VII<\/a><br><a href=\"https:\/\/sppolna.gminagrybow.pl\/wp-content\/uploads\/2026\/01\/Sposoby-sprawdzania-osiagniec-klasach-I-II-IV-VII.odt\" target=\"_blank\" rel=\"noreferrer noopener\">Sposoby (&#8230;)<\/a><br><a href=\"https:\/\/sppolna.gminagrybow.pl\/wp-content\/uploads\/2026\/01\/Warunki-i-tryby-uzyskania-wyzszej-oceny-w-klasach-I-II-IV-VII-\u2014-kopia-3.odt\" target=\"_blank\" rel=\"noreferrer noopener\">Warunki i tryby (&#8230;)<\/a><\/td><td><a href=\"https:\/\/sppolna.gminagrybow.pl\/wp-content\/uploads\/2026\/01\/Sposoby-sprawdzania-osiagniec-klasach-I-II-IV-VII.odt\" target=\"_blank\" rel=\"noreferrer noopener\">Sposoby (&#8230;)<\/a><br><a href=\"https:\/\/sppolna.gminagrybow.pl\/wp-content\/uploads\/2026\/01\/Warunki-i-tryby-uzyskania-wyzszej-oceny-w-klasach-I-II-IV-VII-\u2014-kopia-3.odt\" target=\"_blank\" rel=\"noreferrer noopener\">Warunki i tryby (&#8230;)<\/a><\/td><\/tr><tr><td><\/td><td><\/td><td><\/td><td><\/td><td><\/td><td><\/td><\/tr><\/tbody><\/table><\/figure>\n\n\n\n<p><\/p>\n\n\n\n<p><a style=\"font-weight: bold;\" href=\"http:\/\/sppolna.gminagrybow.pl\/wp-content\/uploads\/2019\/10\/chemia_VII_VIII.pdf\">Chemia<\/a><\/p>\n\n\n\n<p><strong><a href=\"http:\/\/sppolna.gminagrybow.pl\/wp-content\/uploads\/2019\/10\/Biologia_V_VIII.pdf\">Biologia<\/a><\/strong><\/p>\n\n\n\n<p><strong><a href=\"http:\/\/sppolna.gminagrybow.pl\/wp-content\/uploads\/2019\/10\/geografia.pdf\">Geografia<\/a><\/strong><\/p>\n\n\n\n<p><strong><a href=\"http:\/\/sppolna.gminagrybow.pl\/wp-content\/uploads\/2019\/10\/muzyka.pdf\">Muzyka<\/a><\/strong><\/p>\n\n\n\n<p><strong><a href=\"http:\/\/sppolna.gminagrybow.pl\/wp-content\/uploads\/2019\/10\/Wymagania-edukacyjne-i-sposoby-oceniania-na-lekcjach-plastyki-1.pdf\">Plastyka <\/a><\/strong><\/p>\n\n\n\n<p><strong><a href=\"http:\/\/sppolna.gminagrybow.pl\/wp-content\/uploads\/2019\/11\/WYMAGANIA-EDUKACYJNE-Z-WF-W-KLASIE-V-VIII.pdf\">Wychowanie fizyczne<\/a><\/strong><\/p>\n\n\n\n<p><\/p>\n\n\n\n<p><\/p>\n","protected":false},"excerpt":{"rendered":"<p>3-4 latki 5-6 latki Oddzia\u0142y przedszkole Wymagania edukacyjne_3latkiWymagania edukacyjne_4latki Wymagania edukacyjne 5latkiWymagania edukacyjne 6 latki Klasa1 Klasa 2 Klasa 3<\/p>\n","protected":false},"author":1,"featured_media":0,"parent":0,"menu_order":0,"comment_status":"closed","ping_status":"closed","template":"","meta":{"footnotes":""},"_links":{"self":[{"href":"https:\/\/sppolna.gminagrybow.pl\/index.php?rest_route=\/wp\/v2\/pages\/1035"}],"collection":[{"href":"https:\/\/sppolna.gminagrybow.pl\/index.php?rest_route=\/wp\/v2\/pages"}],"about":[{"href":"https:\/\/sppolna.gminagrybow.pl\/index.php?rest_route=\/wp\/v2\/types\/page"}],"author":[{"embeddable":true,"href":"https:\/\/sppolna.gminagrybow.pl\/index.php?rest_route=\/wp\/v2\/users\/1"}],"replies":[{"embeddable":true,"href":"https:\/\/sppolna.gminagrybow.pl\/index.php?rest_route=%2Fwp%2Fv2%2Fcomments&post=1035"}],"version-history":[{"count":69,"href":"https:\/\/sppolna.gminagrybow.pl\/index.php?rest_route=\/wp\/v2\/pages\/1035\/revisions"}],"predecessor-version":[{"id":8764,"href":"https:\/\/sppolna.gminagrybow.pl\/index.php?rest_route=\/wp\/v2\/pages\/1035\/revisions\/8764"}],"wp:attachment":[{"href":"https:\/\/sppolna.gminagrybow.pl\/index.php?rest_route=%2Fwp%2Fv2%2Fmedia&parent=1035"}],"curies":[{"name":"wp","href":"https:\/\/api.w.org\/{rel}","templated":true}]}}