{"id":108,"date":"2019-01-11T15:52:25","date_gmt":"2019-01-11T14:52:25","guid":{"rendered":"http:\/\/sppolna.gminagrybow.pl\/?page_id=108"},"modified":"2025-08-31T22:02:36","modified_gmt":"2025-08-31T20:02:36","slug":"swietlica","status":"publish","type":"page","link":"https:\/\/sppolna.gminagrybow.pl\/?page_id=108","title":{"rendered":"\u015awietlica"},"content":{"rendered":"\n<p><strong><a href=\"http:\/\/sppolna.gminagrybow.pl\/wp-content\/uploads\/2020\/09\/TYGODNIOWY-PLAN-PRACY-\u015aWIETLICY-SZKOLNEJ.docx\"> <\/a><\/strong><\/p>\n\n\n\n<p><strong> DZIENNY ROZK\u0141AD ZAJ\u0118\u0106<\/strong><\/p>\n\n\n\n<p><strong>Godziny pracy \u015bwietlicy:<\/strong> <\/p>\n\n\n\n<figure class=\"wp-block-table\"><table><thead><tr><th>Dzie\u0144 tygodnia<\/th><th>Godziny pracy<\/th><th>Nauczyciel<\/th><\/tr><\/thead><tbody><tr><td><strong>Poniedzia\u0142ek<\/strong><\/td><td>11:30 \u2013 15:00<\/td><td>Marta Wiatr (3,5)<\/td><\/tr><tr><td><strong>Wtorek<\/strong><\/td><td>11:30 \u2013 15:00<\/td><td>Eleonora My\u015bliwiec (2), Marta Wiatr (1,5)<\/td><\/tr><tr><td><strong>\u015aroda<\/strong><\/td><td>12:30 \u2013 15:00<\/td><td>\u015aliwa Marta (1), Marta Wiatr (1,5)<\/td><\/tr><tr><td><strong>Czwartek<\/strong><\/td><td>11:30 \u2013 14:00<\/td><td>\u015aliwa Marta (1), Jolanta \u015awi\u0119s (0,5 b), Katarzyna Migacz (1)<\/td><\/tr><tr><td><strong>Pi\u0105tek<\/strong><\/td><td>11:30 \u2013 15:00<\/td><td>Eleonora My\u015bliwiec (1), Marta Wiatr (2,5)<\/td><\/tr><\/tbody><\/table><\/figure>\n\n\n\n<p><strong>  <a href=\"http:\/\/sppolna.gminagrybow.pl\/wp-content\/uploads\/2019\/09\/Plan-pracy-Swietlica20.pdf\">PLAN OPIEKU\u0143CZO &#8211; WYCHOWAWCZY<\/a><\/strong><\/p>\n\n\n\n<p><strong> <a href=\"http:\/\/sppolna.gminagrybow.pl\/wp-content\/uploads\/2019\/01\/Regulamin-swietlicy-szkolnej-1-1.pdf\"> REGULAMIN \u015aWIETLICY SZKOLNEJ<\/a><\/strong><\/p>\n\n\n\n<p><strong> <a href=\"https:\/\/sppolna.gminagrybow.pl\/wp-content\/uploads\/2025\/01\/KARTA-ZGLOSZENIA-DZIECKA-DO-SWIETLICY-SZKOLNEJ-25.docx\" data-type=\"attachment\" data-id=\"7585\"> KARTA UCZESTNIKA \u015aWIETLICY<\/a><\/strong><\/p>\n","protected":false},"excerpt":{"rendered":"<p>DZIENNY ROZK\u0141AD ZAJ\u0118\u0106 Godziny pracy \u015bwietlicy: Dzie\u0144 tygodnia Godziny pracy Nauczyciel Poniedzia\u0142ek 11:30 \u2013 15:00 Marta Wiatr (3,5) Wtorek 11:30<\/p>\n","protected":false},"author":1,"featured_media":0,"parent":0,"menu_order":0,"comment_status":"closed","ping_status":"closed","template":"","meta":{"footnotes":""},"_links":{"self":[{"href":"https:\/\/sppolna.gminagrybow.pl\/index.php?rest_route=\/wp\/v2\/pages\/108"}],"collection":[{"href":"https:\/\/sppolna.gminagrybow.pl\/index.php?rest_route=\/wp\/v2\/pages"}],"about":[{"href":"https:\/\/sppolna.gminagrybow.pl\/index.php?rest_route=\/wp\/v2\/types\/page"}],"author":[{"embeddable":true,"href":"https:\/\/sppolna.gminagrybow.pl\/index.php?rest_route=\/wp\/v2\/users\/1"}],"replies":[{"embeddable":true,"href":"https:\/\/sppolna.gminagrybow.pl\/index.php?rest_route=%2Fwp%2Fv2%2Fcomments&post=108"}],"version-history":[{"count":25,"href":"https:\/\/sppolna.gminagrybow.pl\/index.php?rest_route=\/wp\/v2\/pages\/108\/revisions"}],"predecessor-version":[{"id":8162,"href":"https:\/\/sppolna.gminagrybow.pl\/index.php?rest_route=\/wp\/v2\/pages\/108\/revisions\/8162"}],"wp:attachment":[{"href":"https:\/\/sppolna.gminagrybow.pl\/index.php?rest_route=%2Fwp%2Fv2%2Fmedia&parent=108"}],"curies":[{"name":"wp","href":"https:\/\/api.w.org\/{rel}","templated":true}]}}