{"id":111,"date":"2019-01-11T15:58:12","date_gmt":"2019-01-11T14:58:12","guid":{"rendered":"http:\/\/sppolna.gminagrybow.pl\/?page_id=111"},"modified":"2024-12-05T12:24:21","modified_gmt":"2024-12-05T11:24:21","slug":"pedagog","status":"publish","type":"page","link":"https:\/\/sppolna.gminagrybow.pl\/?page_id=111","title":{"rendered":"Pedagog, pedagog specjalny"},"content":{"rendered":"\n<p><strong>poniedzia\u0142ek &#8211;<\/strong> <strong>8.45 &#8211; 13.15<\/strong><\/p>\n\n\n\n<p><strong>wtorek &#8211; 8.15 &#8211; 14.15<\/strong><\/p>\n\n\n\n<p><strong>\u015broda &#8211; 10.50 &#8211; 13.20 i 14.05-15.05<\/strong><\/p>\n\n\n\n<p><strong>czwartek &#8211; 9.30 &#8211; 14.30<\/strong><\/p>\n\n\n\n<p><strong>pi\u0105tek &#8211; 7.10 &#8211; 14.10<\/strong><\/p>\n\n\n\n<p style=\"font-size:28px\"><strong>Psycholog<\/strong>: <\/p>\n\n\n\n<p><strong>wtorek: 7.30 &#8211; 10.30<\/strong><\/p>\n\n\n\n<p><strong>\u015broda: 13.30 &#8211; 15.00<\/strong><\/p>\n\n\n\n<p><strong>czwartek: 7.30 &#8211; 14.00<\/strong><\/p>\n\n\n\n<p><strong><em>Drogi Uczniu!<\/em><\/strong><strong><em>&nbsp;Zwr\u00f3\u0107 si\u0119 do pedagoga szkolnego gdy:<\/em><\/strong><\/p>\n\n\n\n<blockquote class=\"wp-block-quote\">\n<p> \u00b7&nbsp;&nbsp;&nbsp;&nbsp;&nbsp;&nbsp; chcia\u0142by\u015b z kim\u015b porozmawia\u0107<\/p>\n\n\n\n<p> \u00b7&nbsp;&nbsp;&nbsp;&nbsp;&nbsp;&nbsp; masz problem i nie wiesz jak go rozwi\u0105za\u0107<\/p>\n\n\n\n<p> \u00b7&nbsp;&nbsp;&nbsp;&nbsp;&nbsp;&nbsp; chcesz podzieli\u0107 si\u0119 swoim sukcesem, rado\u015bci\u0105<\/p>\n\n\n\n<p> \u00b7&nbsp;&nbsp;&nbsp;&nbsp;&nbsp;&nbsp; masz ciekawe pomys\u0142y i chcesz si\u0119 nimi podzieli\u0107 z innymi<\/p>\n\n\n\n<p> \u00b7&nbsp;&nbsp;&nbsp;&nbsp;&nbsp;&nbsp; nie  potrafisz si\u0119 porozumie\u0107 z rodzicem, nauczycielem, r\u00f3wie\u015bnikiem<\/p>\n\n\n\n<p> \u00b7&nbsp;&nbsp;&nbsp;&nbsp;&nbsp;&nbsp; czujesz, \u017ce nikt Ci\u0119 nie rozumie, jeste\u015b samotny<\/p>\n\n\n\n<p> \u00b7&nbsp;&nbsp;&nbsp;&nbsp;&nbsp;&nbsp; znajdujesz si\u0119 w trudnej sytuacji materialnej<\/p>\n<\/blockquote>\n\n\n\n<p><em><strong>Drogi  Rodzicu! Zwr\u00f3\u0107 si\u0119 do pedagoga szkolnego gdy:<\/strong><\/em><\/p>\n\n\n\n<blockquote class=\"wp-block-quote\">\n<p>&#8211;   niepokoi Ci\u0119 zachowanie dziecka <\/p>\n\n\n\n<p>&#8211; chcesz porozmawia\u0107 o dziecku i Twoich z nim relacjach <\/p>\n\n\n\n<p>&#8211; masz pytania dotycz\u0105ce wynik\u00f3w w nauce dziecka i jego funkcjonowania w szkole   <\/p>\n\n\n\n<p>&#8211;   potrzebujesz wsparcia w procesie wychowania <\/p>\n\n\n\n<p>&#8211; masz pytania i nie wiesz do kogo si\u0119 z nimi zwr\u00f3ci\u0107 <\/p>\n\n\n\n<p>&#8211;   szukasz pomocy <\/p>\n<\/blockquote>\n\n\n\n<p><strong><a href=\"http:\/\/sppolna.gminagrybow.pl\/wp-content\/uploads\/2019\/01\/O-F-E-R-T-A-poradni.pdf\">  Oferta Poradni Psychologiczno &#8211; Pedagogicznej w Grybowie<\/a><\/strong><\/p>\n\n\n\n<p><strong><a href=\"http:\/\/sppolna.gminagrybow.pl\/wp-content\/uploads\/2019\/01\/pedagog-jakpomagac.pdf\">  Jak pomaga\u0107 dzieciom w nauce<\/a><\/strong><\/p>\n\n\n\n<p><strong> <a href=\"http:\/\/sppolna.pl\/pedagog-wskazowki.pdf\"> <\/a><a href=\"http:\/\/sppolna.gminagrybow.pl\/wp-content\/uploads\/2019\/01\/pedagog-wskazowki.pdf\">Wskaz\u00f3wki dla rodzic\u00f3w<\/a><\/strong><\/p>\n","protected":false},"excerpt":{"rendered":"<p>poniedzia\u0142ek &#8211; 8.45 &#8211; 13.15 wtorek &#8211; 8.15 &#8211; 14.15 \u015broda &#8211; 10.50 &#8211; 13.20 i 14.05-15.05 czwartek &#8211; 9.30<\/p>\n","protected":false},"author":1,"featured_media":0,"parent":0,"menu_order":0,"comment_status":"closed","ping_status":"closed","template":"","meta":{"footnotes":""},"_links":{"self":[{"href":"https:\/\/sppolna.gminagrybow.pl\/index.php?rest_route=\/wp\/v2\/pages\/111"}],"collection":[{"href":"https:\/\/sppolna.gminagrybow.pl\/index.php?rest_route=\/wp\/v2\/pages"}],"about":[{"href":"https:\/\/sppolna.gminagrybow.pl\/index.php?rest_route=\/wp\/v2\/types\/page"}],"author":[{"embeddable":true,"href":"https:\/\/sppolna.gminagrybow.pl\/index.php?rest_route=\/wp\/v2\/users\/1"}],"replies":[{"embeddable":true,"href":"https:\/\/sppolna.gminagrybow.pl\/index.php?rest_route=%2Fwp%2Fv2%2Fcomments&post=111"}],"version-history":[{"count":12,"href":"https:\/\/sppolna.gminagrybow.pl\/index.php?rest_route=\/wp\/v2\/pages\/111\/revisions"}],"predecessor-version":[{"id":7492,"href":"https:\/\/sppolna.gminagrybow.pl\/index.php?rest_route=\/wp\/v2\/pages\/111\/revisions\/7492"}],"wp:attachment":[{"href":"https:\/\/sppolna.gminagrybow.pl\/index.php?rest_route=%2Fwp%2Fv2%2Fmedia&parent=111"}],"curies":[{"name":"wp","href":"https:\/\/api.w.org\/{rel}","templated":true}]}}