{"id":144,"date":"2019-01-16T17:51:57","date_gmt":"2019-01-16T16:51:57","guid":{"rendered":"http:\/\/sppolna.gminagrybow.pl\/?page_id=144"},"modified":"2025-04-01T13:23:55","modified_gmt":"2025-04-01T11:23:55","slug":"konkursy","status":"publish","type":"page","link":"https:\/\/sppolna.gminagrybow.pl\/?page_id=144","title":{"rendered":"Konkursy"},"content":{"rendered":"\n<p class=\"has-text-align-left\"><strong>REGULAMIN XXIV KONKURSU ORTOGRAFICZNEGO DLA SZK\u00d3\u0141 PODSTAWOWYCH GMINY GRYB\u00d3W&nbsp;W ROKU SZKOLNYM 2024\/25<\/strong><\/p>\n\n\n<p><a href=\"https:\/\/sppolna.gminagrybow.pl\/wp-content\/uploads\/2025\/04\/Gminny-konkurs-ortograficzny-2025-Polna-2.pdf\" target=\"_blank\" rel=\"noopener\">Gminny-konkurs-ortograficzny-2025-Polna<\/a><\/p>\n\n\n<p><\/p>\n","protected":false},"excerpt":{"rendered":"<p>REGULAMIN XXIV KONKURSU ORTOGRAFICZNEGO DLA SZK\u00d3\u0141 PODSTAWOWYCH GMINY GRYB\u00d3W&nbsp;W ROKU SZKOLNYM 2024\/25 Gminny-konkurs-ortograficzny-2025-Polna<\/p>\n","protected":false},"author":1,"featured_media":0,"parent":0,"menu_order":0,"comment_status":"closed","ping_status":"closed","template":"","meta":{"footnotes":""},"_links":{"self":[{"href":"https:\/\/sppolna.gminagrybow.pl\/index.php?rest_route=\/wp\/v2\/pages\/144"}],"collection":[{"href":"https:\/\/sppolna.gminagrybow.pl\/index.php?rest_route=\/wp\/v2\/pages"}],"about":[{"href":"https:\/\/sppolna.gminagrybow.pl\/index.php?rest_route=\/wp\/v2\/types\/page"}],"author":[{"embeddable":true,"href":"https:\/\/sppolna.gminagrybow.pl\/index.php?rest_route=\/wp\/v2\/users\/1"}],"replies":[{"embeddable":true,"href":"https:\/\/sppolna.gminagrybow.pl\/index.php?rest_route=%2Fwp%2Fv2%2Fcomments&post=144"}],"version-history":[{"count":16,"href":"https:\/\/sppolna.gminagrybow.pl\/index.php?rest_route=\/wp\/v2\/pages\/144\/revisions"}],"predecessor-version":[{"id":7865,"href":"https:\/\/sppolna.gminagrybow.pl\/index.php?rest_route=\/wp\/v2\/pages\/144\/revisions\/7865"}],"wp:attachment":[{"href":"https:\/\/sppolna.gminagrybow.pl\/index.php?rest_route=%2Fwp%2Fv2%2Fmedia&parent=144"}],"curies":[{"name":"wp","href":"https:\/\/api.w.org\/{rel}","templated":true}]}}