{"id":156,"date":"2019-01-16T18:15:39","date_gmt":"2019-01-16T17:15:39","guid":{"rendered":"http:\/\/sppolna.gminagrybow.pl\/?page_id=156"},"modified":"2025-08-31T22:03:39","modified_gmt":"2025-08-31T20:03:39","slug":"biblioteka","status":"publish","type":"page","link":"https:\/\/sppolna.gminagrybow.pl\/?page_id=156","title":{"rendered":"Biblioteka"},"content":{"rendered":"<div class=\"wp-block-image\">\n<figure class=\"aligncenter\"><img loading=\"lazy\" decoding=\"async\" width=\"284\" height=\"177\" src=\"http:\/\/sppolna.gminagrybow.pl\/wp-content\/uploads\/2022\/09\/pobierz.jpg\" alt=\"\" class=\"wp-image-5277\"\/><\/figure><\/div>\n\n\n<p><strong>;<\/strong><\/p>\n\n\n\n<p><\/p>\n\n\n\n<p>Ksi\u0119gozbi\u00f3r  biblioteki liczy obecnie oko\u0142o 3 tysi\u0105ce wolumin\u00f3w. W naszej  bibliotece gromadzone s\u0105 nast\u0119puj\u0105ce zbiory: <br> &#8211; ksi\u0119gozbi\u00f3r podr\u0119czny (encyklopedie, s\u0142owniki, leksykony),<br> &#8211; ksi\u0105\u017cki beletrystyczne i popularnonaukowe,<br> &#8211; lektury, podr\u0119czniki szkolne<br> &#8211; p\u0142yty CD,<br> &#8211; kasety wideo,<br><\/p>\n\n\n\n<p>  <a href=\"http:\/\/sppolna.gminagrybow.pl\/wp-content\/uploads\/2019\/01\/REGULAMIN-BIBLIOTEKI.pdf\">REGULAMIN BIBLIOTEKI<\/a><\/p>\n\n\n\n<p> <a href=\"http:\/\/sppolna.gminagrybow.pl\/wp-content\/uploads\/2019\/01\/REGULAMINPODR.pdf\">REGULAMIN WYPO\u017bYCZANIA PODR\u0118CZNIK\u00d3W I  MATERIA\u0141\u00d3W EDUKACYJNYC<\/a>H<\/p>\n\n\n\n<p>  <a href=\"http:\/\/sppolna.gminagrybow.pl\/wp-content\/uploads\/2019\/01\/zasadywypozyczalnia.pdf\">ZASADY KORZYSTANIA Z CZYTELNI<\/a><\/p>\n\n\n\n<p><br><\/p>\n\n\n\n<p><br> <br><br><\/p>\n\n\n\n<p><\/p>\n","protected":false},"excerpt":{"rendered":"<p>; Ksi\u0119gozbi\u00f3r biblioteki liczy obecnie oko\u0142o 3 tysi\u0105ce wolumin\u00f3w. W naszej bibliotece gromadzone s\u0105 nast\u0119puj\u0105ce zbiory: &#8211; ksi\u0119gozbi\u00f3r podr\u0119czny (encyklopedie,<\/p>\n","protected":false},"author":1,"featured_media":0,"parent":0,"menu_order":0,"comment_status":"closed","ping_status":"closed","template":"","meta":{"footnotes":""},"_links":{"self":[{"href":"https:\/\/sppolna.gminagrybow.pl\/index.php?rest_route=\/wp\/v2\/pages\/156"}],"collection":[{"href":"https:\/\/sppolna.gminagrybow.pl\/index.php?rest_route=\/wp\/v2\/pages"}],"about":[{"href":"https:\/\/sppolna.gminagrybow.pl\/index.php?rest_route=\/wp\/v2\/types\/page"}],"author":[{"embeddable":true,"href":"https:\/\/sppolna.gminagrybow.pl\/index.php?rest_route=\/wp\/v2\/users\/1"}],"replies":[{"embeddable":true,"href":"https:\/\/sppolna.gminagrybow.pl\/index.php?rest_route=%2Fwp%2Fv2%2Fcomments&post=156"}],"version-history":[{"count":11,"href":"https:\/\/sppolna.gminagrybow.pl\/index.php?rest_route=\/wp\/v2\/pages\/156\/revisions"}],"predecessor-version":[{"id":8163,"href":"https:\/\/sppolna.gminagrybow.pl\/index.php?rest_route=\/wp\/v2\/pages\/156\/revisions\/8163"}],"wp:attachment":[{"href":"https:\/\/sppolna.gminagrybow.pl\/index.php?rest_route=%2Fwp%2Fv2%2Fmedia&parent=156"}],"curies":[{"name":"wp","href":"https:\/\/api.w.org\/{rel}","templated":true}]}}