{"id":175,"date":"2019-01-16T18:25:50","date_gmt":"2019-01-16T17:25:50","guid":{"rendered":"http:\/\/sppolna.gminagrybow.pl\/?page_id=175"},"modified":"2019-01-29T10:20:14","modified_gmt":"2019-01-29T09:20:14","slug":"historia-szkoly","status":"publish","type":"page","link":"https:\/\/sppolna.gminagrybow.pl\/?page_id=175","title":{"rendered":"historia szko\u0142y"},"content":{"rendered":"\n<p> Polna to niewielka malownicza wie\u015b  nale\u017c\u0105ca do gminy Gryb\u00f3w. Przez wie\u015b przebiega linia kolejowa Str\u00f3\u017ce &#8211; Jas\u0142o oraz  droga powiatowa Str\u00f3\u017ce \u2013 \u0141u\u017cna. Wie\u015b po\u0142o\u017cona jest na pograniczu Beskid\u00f3w i Pog\u00f3rza w dolinie rzeki Polnianki.  <br>Centrum wsi jest niewielk\u0105 kotlin\u0105 nad kt\u00f3r\u0105 g\u00f3ruj\u0105 szczyty Ma\u015blanej G\u00f3ry (747 m  n. p. m.), Zielonej G\u00f3ry ( 702 m n. p. m.), a od po\u0142udniowej strony szczyt Che\u0142mu (779 m n. p. m.).<\/p>\n\n\n\n<p>Pierwsze wzmianki o Polnej pochodz\u0105 z  II po\u0142owy XIV wieku, w\u0142a\u015bcicielem wsi w owym czasie by\u0142 Mroczko z S\u0119dziszowic. Wybitny polski kronikarz Jan D\u0142ugosz wspomina Stanis\u0142awa Staszkowskiego jako  dziedzica Polnej. Pod koniec XV wieku Polna przesz\u0142a w posiadanie rodziny G\u0142adysz\u00f3w. W owych czasach powsta\u0142a parafia&nbsp; we wsi Polna oraz ko\u015bci\u00f3\u0142. Dzisiejsza wie\u015b liczy oko\u0142o 1200 mieszka\u0144c\u00f3w. O\u015brodkiem kultury jest  Ko\u015bci\u00f3\u0142  Parafialny pod wezwaniem \u015bw. Andrzeja Aposto\u0142a, Dom Kultury  oraz Szko\u0142a Podstawowa. <\/p>\n\n\n\n<div class=\"wp-block-image\"><figure class=\"alignleft is-resized\"><img loading=\"lazy\" decoding=\"async\" src=\"http:\/\/sppolna.gminagrybow.pl\/wp-content\/uploads\/2019\/01\/Polna_2013_V_07_018.jpg\" alt=\"\" class=\"wp-image-247\" width=\"446\" height=\"296\" srcset=\"https:\/\/sppolna.gminagrybow.pl\/wp-content\/uploads\/2019\/01\/Polna_2013_V_07_018.jpg 800w, https:\/\/sppolna.gminagrybow.pl\/wp-content\/uploads\/2019\/01\/Polna_2013_V_07_018-300x199.jpg 300w, https:\/\/sppolna.gminagrybow.pl\/wp-content\/uploads\/2019\/01\/Polna_2013_V_07_018-768x510.jpg 768w, https:\/\/sppolna.gminagrybow.pl\/wp-content\/uploads\/2019\/01\/Polna_2013_V_07_018-120x80.jpg 120w\" sizes=\"(max-width: 446px) 100vw, 446px\" \/><\/figure><\/div>\n\n\n\n<p>W latach 1513-1539 po\u015bwiadczona&nbsp; jest \u017ar\u00f3d\u0142owo  dzia\u0142alno\u015b\u0107 szko\u0142y parafialnej w Polnej.  Istnienie szko\u0142y&nbsp; potwierdza te\u017c wizytacja radziwi\u0142\u0142owska z 1596 roku. Kierownikiem szko\u0142y by\u0142 wtedy Wojciech &nbsp;z Brzostka.&nbsp; <br>Na pocz\u0105tku XVII wieku brak  wzmianek o istnieniu szko\u0142y. Jednak w rejestrze student\u00f3w Uniwersytetu Jagiello\u0144skiego znajduj\u0105 si\u0119 wpisy student\u00f3w o nazwisku G\u0142adysz. Byli to  prawdopodobnie synowie w\u0142a\u015bcicieli Polnej&nbsp; G\u0142adysz\u00f3w.<br>W czasie II wojny \u015bwiatowej kronika szko\u0142y zagin\u0119\u0142a. Historia szko\u0142y zebrana  zosta\u0142a na podstawie ocala\u0142ych dokument\u00f3w lub wywiad\u00f3w z ludno\u015bci\u0105 wsi. Przed rokiem 1889 m\u0142odzie\u017c uczy\u0142a si\u0119 tylko w miesi\u0105cach zimowych &nbsp;na  organist\u00f3wce. Nauczycielem by\u0142 miejscowy organista Pyzik. Pierwszym  nauczycielem zawodowym by\u0142 Wojciech Pierzcha\u0142a, kt\u00f3ry przyby\u0142 do Polnej oko\u0142o  1889 roku i pe\u0142ni\u0142 funkcj\u0119 kierownika szko\u0142y do 1931 roku. Pocz\u0105tkowo uczy\u0142 sam  w budynku organist\u00f3wki, a do szko\u0142y ucz\u0119szczali uczniowie trzech wiosek Polnej, Wyskitnej i Berdechowa.<\/p>\n\n\n\n<p>Kiedy w 1892 roku z inicjatywy B\u0142. ks. Jana Balickiego w karczmie stoj\u0105cej  naprzeciwko ko\u015bcio\u0142a urz\u0105dzono drug\u0105 sal\u0119 lekcyjn\u0105 Rada Szkolna Powiatowa w  Grybowie przydzieli\u0142a do pracy nauczycielk\u0119 Helen\u0119 Zaruck\u0105. W 1899 roku Rada  Szkolna Krajowa we Lwowie podejmuje uchwa\u0142\u0119 o budowie budynku szkolnego w  Polnej. Odpowiedni zapis znajduje si\u0119 w aktach&nbsp; CK Rady Szkolnej Krajowej z dnia  08.10.1898 roku L15258 parcela gruntowa LK 919 o obszarze 804 s\u0105\u017cni. Jest to  jedyny zachowany dokument zwi\u0105zany z &nbsp;budow\u0105 szko\u0142y. W 1901 roku oddano do u\u017cytku budynek szkolny. Sk\u0142ada\u0142 si\u0119 z dw\u00f3ch sal,  mieszkania kierownika (dwa pokoje i kuchnia) oraz mieszkania dla jednej si\u0142y  nauczycielskiej. Na pocz\u0105tku roku szkolnego 1906\/1907 nauka odbywa\u0142a si\u0119 na  czterech stopniach z tym, \u017ce stopie\u0144 trzeci i czwarty by\u0142 dwuletni. <br> W ci\u0105gu 47  lat przew\u0119drowa\u0142o przez szko\u0142\u0119 42 nauczycieli. <br> Kolejnym dyrektorem szko\u0142y by\u0142 Zara\u0144ski Jan, a po jego \u015bmierci od 1943 roku Zara\u0144ska Jadwiga.  <br> Od stycznia&nbsp; do  wrze\u015bnia 1945 roku kierownictwo pe\u0142ni\u0142a Stanis\u0142awa Strze\u015bniewicz.<br> W pa\u017adzierniku 1945 roku obowi\u0105zki kierownika przej\u0105\u0142 \u0141asi\u0144ski W\u0142adys\u0142aw. <\/p>\n\n\n\n<p> Wybuch II wojny \u015bwiatowej spowodowa\u0142 przerwanie nauki na okres pi\u0119ciu  miesi\u0119cy. <strong><em><br> Jeden z nauczycieli Jan Marynowski zosta\u0142 zmobilizowany jako oficer  Wojska Polskiego. <br> Nigdy ju\u017c nie powr\u00f3ci\u0142 do swej szko\u0142y.  Zgin\u0105\u0142 zamordowany w Katyniu<\/em><\/strong>.<a rel=\"noreferrer noopener\" target=\"_blank\" href=\"http:\/\/sppolna.pl\/Marynowscy.htm\"> <\/a><br> Tajne nauczanie by\u0142o prowadzone przez miejscowych nauczycieli. Brak  jednak dokument\u00f3w na ten temat. Szko\u0142a by\u0142a kilkakrotnie zajmowana przez wojsko  niemieckie, zosta\u0142a zdewastowana. Nauk\u0119 rozpocz\u0119to\u00a0 we wrze\u015bniu 1945 r. W 1964 roku zacz\u0119to zwozi\u0107 materia\u0142 na budow\u0119 nowej szko\u0142y. Jej kierownikiem by\u0142  w\u00f3wczas Boles\u0142aw Twardy. W dniu 22 sierpnia 1965 roku zosta\u0142 wmurowany kamie\u0144  w\u0119gielny pod budow\u0119 szko\u0142y ( i akt erekcyjny). 23 pa\u017adziernika 1966 roku odby\u0142a  si\u0119 uroczysto\u015b\u0107\u00a0 otwarcia szko\u0142y im. W\u0142adys\u0142awa Broniewskiego. <br> W 1973 roku  dyrektor tutejszej szko\u0142y\u00a0 Boles\u0142aw Twardy wraz ze swoj\u0105\u00a0 ma\u0142\u017conk\u0105 Ann\u0105 \u2013  r\u00f3wnie\u017c nauczycielk\u0105 odszed\u0142 na emerytur\u0119. <\/p>\n\n\n\n<p> W latach 1973 -1991 funkcj\u0119 dyrektora szko\u0142y pe\u0142ni\u0142 mgr Franciszek Rzemi\u0144ski.  Od wrze\u015bnia 1991 roku dyrektorem szko\u0142y by\u0142 &nbsp;mgr Roman \u015awi\u0119s. &nbsp;Od roku szkolnego  2004\/05&nbsp;&nbsp; dyrektorem szko\u0142y&nbsp; jest &nbsp;mgr Dorota Wiatr. <\/p>\n\n\n\n<p> Bardzo wa\u017cn\u0105 dat\u0105 dla spo\u0142eczno\u015bci szkolnej jest&nbsp; 24 pa\u017adziernik 2003 roku.&nbsp;  W  tym dniu odby\u0142a si\u0119 uroczysto\u015b\u0107 nadania imienia szkole B\u0142. ks. Jana Balickiego.  W pa\u017adzierniku 2008 uczniowie otrzymali sztandar ufundowany przez rodzic\u00f3w.  <\/p>\n\n\n\n<div class=\"wp-block-image\"><figure class=\"alignleft\"><img decoding=\"async\" src=\"http:\/\/sppolna.gminagrybow.pl\/wp-content\/uploads\/2019\/01\/balicki.jpg\" alt=\"\"\/><\/figure><\/div>\n\n\n\n<p><em>&#8222;PRZESZ\u0141O\u015a\u0106  ZACHOWANA W PAMI\u0118CI STAJE SI\u0118 TERA\u0179NIEJSZO\u015aCI\u0104&#8221;.<strong> <\/strong><\/em>Pod takim has\u0142em spo\u0142eczno\u015b\u0107 szkolna obchodzi\u0142a jubileusz 120 lecia  istnienia szko\u0142y.  Uroczysto\u015b\u0107 rozpocz\u0119\u0142a msza  \u015bwi\u0119ta, kt\u00f3rej przewodniczy\u0142 ks. Dziekan  Boles\u0142aw Bukowiec. Ch\u00f3r  nauczycielski \u201eGaude\u201d z dyrygentem Miros\u0142awem Ogorza\u0142kiem  zadba\u0142 o jej  opraw\u0119 muzyczn\u0105. Na uroczysto\u015b\u0107 przybyli zaproszeni go\u015bcie \u2013 W\u00f3jt Gminy  Gryb\u00f3w Piotr Krok, Dyrektor Delegatury MKO w Nowym S\u0105czu  Stanis\u0142aw  Szudek, Przewodnicz\u0105cy Rady Gminy Jan Radzik, radni  gminy Adam Krok i  \u0141ukasz Dziedzic, Dyrektor GZEAS Danuta Suder, le\u015bniczy Nadle\u015bnictwa  Zag\u00f3rzany Marek Kuku\u0142a, so\u0142tys i radny wsi Polna  J\u00f3zef Dusza,  Dyrektorzy Szk\u00f3\u0142 Gminy Gryb\u00f3w, emerytowani nauczyciele, absolwenci  i  rodzice. Nie zabrak\u0142o r\u00f3wnie\u017c przyjaci\u00f3\u0142 i sympatyk\u00f3w szko\u0142y. Tym dniem spo\u0142eczno\u015b\u0107 szkolna dzi\u0119kowa\u0142a wszystkim  zapisanym w  kronikach bezimiennym budowniczym i sympatykom szko\u0142y,  kt\u00f3rzy j\u0105 budowali,  ulepszali i dbali o jej otoczenie. Nie zapomnia\u0142a  r\u00f3wnie\u017c o wsp\u00f3\u0142czesnych.  Dzi\u0119ki ich zaanga\u017cowaniu uda\u0142o si\u0119 stworzy\u0107  Nasz\u0105 Szko\u0142\u0119 tak\u0105, jak\u0105 widzimy  dzisiaj &#8211; nowoczesn\u0105, przyjazn\u0105,  kolorow\u0105, otwart\u0105 na nowe. Na zako\u0144czenie  uroczysto\u015bci absolwentka  naszej szko\u0142y Gabriela Burkot \u2013 uczennica szko\u0142y  muzycznej w klasie  akordeon wraz z kole\u017cank\u0105 skrzypaczk\u0105 przedstawi\u0142y kr\u00f3tki  koncert wraz z  \u017cyczeniami dla wszystkich uczestnik\u00f3w spotkania.  Ponad stu dwudziestoletnia historia istnienia szko\u0142y to okres wielu zmian zwi\u0105zanych z wygl\u0105dem i  baz\u0105 szko\u0142y.&nbsp; Jej obecny stan to efekt pracy wielu pokole\u0144 rodzic\u00f3w, nauczycieli  i uczni\u00f3w. <br> Dzisiaj uczniowie maj\u0105 mo\u017cliwo\u015b\u0107 nauki w szkole z bogat\u0105 histori\u0105 i  tradycj\u0105, a dla wszystkich mieszka\u0144c\u00f3w jest o\u015brodkiem \u017cycia kulturalnego i  miejscem rozwoju kolejnych pokole\u0144. Bogato wyposa\u017cona baza dydaktyczna szko\u0142y mo\u017cliwa by\u0142a dzi\u0119ki projektom unijnym realizowanym w szkole w ostatnich latach.  Ich realizacje przyczyni\u0142y si\u0119 do uzyskania przez szko\u0142\u0119 certyfikat\u00f3w: &#8222;Szko\u0142a z  klas\u0105 2.0&#8221; oraz dwukrotnie najwy\u017cszego eko &#8211; certyfikatu dla szk\u00f3\u0142 &#8211;  <em>mi\u0119dzynarodowego certyfikatu Zielona Flaga<\/em>. W latach 2010\/12 i 2012\/14 prowadzone by\u0142y mi\u0119dzynarodowe projekty Comenius. W czerwcu 2016 r. Nasza Szko\u0142a zosta\u0142a <em>laureatem konkursu #ekoLIDERA 2016<\/em><strong> <\/strong> <em>wojew\u00f3dztwa ma\u0142opolskiego w kategorii szko\u0142y<\/em>  zorganizowanego przez Wojew\u00f3dzki Fundusz Ochrony \u015arodowiska i Gospodarki Wodnej  w Krakowie.<br> O w\u0142a\u015bciwy rozw\u00f3j osobowo\u015bci ka\u017cdego dziecka, poszanowanie drugiego cz\u0142owieka  oraz umi\u0142owanie swej Ma\u0142ej Ojczyzny dbaj\u0105 dobrze wykszta\u0142ceni nauczyciele i wychowawcy.<br> Z uczni\u00f3w naszej szko\u0142y wyros\u0142y  pokolenia wspania\u0142ych, m\u0105drych i pracowitych ludzi z ukszta\u0142towanym systemem  warto\u015bci i zasadami moralnymi i to oni \u015bwiadcz\u0105 o wielko\u015bci Naszej Szko\u0142y.<\/p>\n\n\n\n<p><strong> JAN J\u00d3ZEF NIEZGODA  MARYNOWSKI<\/strong> <br><\/p>\n\n\n\n<div class=\"wp-block-image\"><figure class=\"alignleft\"><img decoding=\"async\" src=\"http:\/\/sppolna.gminagrybow.pl\/wp-content\/uploads\/2019\/01\/Marynowski-Jan.jpg\" alt=\"\"\/><figcaption><em><strong>1909\/1940<\/strong><\/em><\/figcaption><\/figure><\/div>\n\n\n\n<p>  Urodzony 12 lipca 1909 r. w Szalowej. Po uko\u0144czeniu Szko\u0142y Powszechnej wst\u0105pi\u0142  do Gimnazjum im. Kromera mieszcz\u0105cego si\u0119 w Gorlicach. Jako absolwent  &nbsp;Seminarium Nauczycielskiego M\u0119skiego w Starym S\u0105czu pracowa\u0142 jako nauczyciel  szk\u00f3\u0142 powszechnych &nbsp;w Ropicy G\u00f3rnej, Olszynach, <strong>a w latach1936 \/ 1939 w  Polnej &nbsp;ko\u0142o Str\u00f3\u017c<\/strong>. Organizowa\u0142 i prowadzi\u0142 amatorskie zespo\u0142y artystyczne  oraz ch\u00f3r szkolny w Polnej. W dn. 26.12.1935r. w Glinniku &nbsp;Mariampolskim  &nbsp;zawarte zosta\u0142o ma\u0142\u017ce\u0144stwo Jana Marynowskiego z nauczycielk\u0105&nbsp;Helen\u0105  &nbsp;z domu Chowaniec&nbsp;(1913\/ 1979 Gorlice), c\u00f3rk\u0105 Franciszka (1879\/1965) &nbsp;i Marii  (1884\/1960). W sierpniu 1939r., Jana Marynowskiego,<strong>&nbsp;<\/strong>b\u0119d\u0105cego  oficerem rezerwy Wojska Polskiego, powo\u0142ano na \u0107wiczenia wojskowe (promocja  oficerska 1936r, lokata promocji 3378, Kompania Piechoty Rezerwy 39 Pu\u0142ku  Piechoty Strzelc\u00f3w Lwowskich, specjalista CKM). 1 wrze\u015bnia 1939r. jako ppor.  piech rez. zosta\u0142 zmobilizowany &nbsp;do 2 Pu\u0142ku Strzelc\u00f3w Podhala\u0144skich. Dalsze jego  losy d\u0142ugo by\u0142y okryte mg\u0142\u0105 tajemnicy. Jedyn\u0105 informacj\u0105 jaka dotar\u0142a do  rodziny, by\u0142a kartka z obozu w Starobielsku, gdzie zosta\u0142 osadzony jako oficer  Wojska Polskiego (miejscowo\u015b\u0107 po\u0142o\u017cona na po\u0142udniowy wsch\u00f3d od Charkowa).<br> W okresie od 5 kwietnia do 12 maja 1940 roku, na podstawie decyzji Biura  Politycznego WKP(b) z 5 marca 1940 roku, zosta\u0142 zastrzelony w podziemiach  siedziby NKWD w Charkowie, albo bezpo\u015brednio nad do\u0142ami \u015bmierci w pobli\u017cu domu  wypoczynkowego dla pracownik\u00f3w NKWD w lesie w Piatichatkach na przedmie\u015bciach  Charkowa. Spocz\u0105\u0142 w jednej z masowych mogi\u0142 ofiar NKWD.<br> Dane Jana Marynowskiego znajduj\u0105 si\u0119 w Indeksie Represjonowanych O\u015brodka Karta  (program badawczy zajmuj\u0105cy si\u0119 ca\u0142o\u015bciow\u0105 imienn\u0105 dokumentacj\u0105 los\u00f3w obywateli  polskich represjonowanych przez organa w\u0142adzy sowieckiej w latach 1939\/56).  Zosta\u0142y tam umieszczone w oparciu o wykaz akt ewidencyjnych je\u0144c\u00f3w wojennych,  kt\u00f3rzy opu\u015bcili ob\u00f3z NKWD w Starobielsku &#8211; sygnatura STAR &#8211; \/2105. Symboliczne  tablice, w formie cegie\u0142ek, upami\u0119tniaj\u0105ce polskich oficer\u00f3w i policjant\u00f3w  zamordowanych przez NKWD i pochowanych w Katyniu, Miednoje i w Charkowie oraz  obywateli RP z tzw. Ukrai\u0144skiej Listy Katy\u0144skiej, znajduj\u0105 si\u0119 w Katedrze  Polowej Wojska Polskiego pod wezwaniem Naj\u015bwi\u0119tszej Maryi Panny Kr\u00f3lowej Polski  w Warszawie. Symboliczne tablice mo\u017cna zobaczy\u0107 na murach starego cmentarza w  Licheniu oraz na cmentarzu w Gorlicach<\/p>\n\n\n\n<p><strong> JANINA MARYNOWSKA <\/strong> <strong> 1914\/1994<\/strong> &nbsp;&nbsp;&nbsp;&nbsp;&nbsp;&nbsp;&nbsp; <\/p>\n\n\n\n<div class=\"wp-block-image\"><figure class=\"alignleft\"><img decoding=\"async\" src=\"http:\/\/sppolna.gminagrybow.pl\/wp-content\/uploads\/2019\/01\/Marynowska-Janina.jpg\" alt=\"\"\/><figcaption><strong>1914\/1994<\/strong><\/figcaption><\/figure><\/div>\n\n\n\n<p> Urodzona 08.01.1914r. w Szalowej. Jej wczesne dzieci\u0144stwo przypad\u0142o na okres I  wojny \u015bwiatowej. Uczennica Gimnazjum im. Kromera, nast\u0119pnie Prywatnego  Miejskiego Seminarium Nauczycielskiego \u017be\u0144skiego im. ks. Bronis\u0142awa  \u015awieykowskiego w Gorlicach.<br> Mocno zwi\u0105zana z harcerstwem. W czasie okupacji niemieckiej by\u0142a cz\u0142onkiem  Pogotowia Harcerskiego. Bra\u0142a udzia\u0142 w szkoleniach sanitarnych, \u0142\u0105czno\u015bci,  obrony przeciwlotniczej i opieki nad dzie\u0107mi. Uczestniczy\u0142a w ruchu  konspiracyjnym. &nbsp;Harcerki pod komend\u0105 Marii Rydarowskiej udziela\u0142y pomocy  wi\u0119\u017aniom polskim zgromadzonym na podw\u00f3rzu budynku Towarzystwa Gimnastycznego  \u201eSok\u00f3\u0142\u201d, pomaga\u0142y rannym \u017co\u0142nierzom, ukrywaj\u0105cym si\u0119 w lasach poza miastem,  opatruj\u0105c rany, donosz\u0105c \u017cywno\u015b\u0107, lekarstwa&#8230;&nbsp;<br> Jako cz\u0142onek oddzia\u0142u Polskiego Czerwonego Krzy\u017ca w Gorlicach wraz z Mari\u0105 Rydarowsk\u0105 oraz Emili\u0105 Bia\u0142ek uratowa\u0142a przed spaleniem ksi\u0105\u017cki z biblioteki  Szko\u0142y Powszechnej M\u0119skiej nr 1 w Gorlicach przewo\u017c\u0105c je do prywatnego domu i do  lokalu PCK przy ul. Narutowicza.<br> <strong>W 1945r.podj\u0119\u0142a prac\u0119 w charakterze nauczycielki w Szkole Powszechnej w  Polnej.<\/strong> W roku szkolnym 1947\/1948 przesz\u0142a do szkolnictwa zawodowego w  Gorlicach.<br> Los j\u0105 mocno do\u015bwiadczy\u0142. Mia\u0142a ch\u0142opca, kt\u00f3ry nale\u017ca\u0142 do Armii Krajowej. W  1949r. mija\u0142 ostatni termin obowi\u0105zku ujawnienia si\u0119. Wraz z kolegami, w obawie  przed restrykcjami, nie zg\u0142osi\u0142 tego faktu \u00f3wczesnym w\u0142adzom. Zosta\u0142  aresztowany, wkr\u00f3tce Urz\u0105d Bezpiecze\u0144stwa trafi\u0142 na \u015blad Janiny. W trakcie  rewizji znaleziono u niej jego bro\u0144. Zosta\u0142a aresztowana i po szybkim procesie  osadzona na kilka lat w ci\u0119\u017ckim wiezieniu karnym dla kobiet w Fordonie ( Bydgoszcz). Wyrok &#8222;za wsp\u00f3\u0142prac\u0119 z podziemiem&#8221; wyda\u0142 S\u0105d Wojskowy w Rzeszowie. W  czasach stalinowskich w Fordonie przetrzymywano &nbsp;kobiety skazywane w procesach  politycznych. Stosowano wobec nich drastyczne kary &#8211; g\u0142odzenie, kary cielesne, \u015bcis\u0142y areszt, zn\u0119cano si\u0119 nie tylko fizycznie, ale i psychicznie.<br> Ci\u0119\u017ckie warunki wyniszczy\u0142y zdrowie Janiny. W wyniku amnestii opu\u015bci\u0142a mury wi\u0119zienia, zosta\u0142a zrehabilitowana, ale nigdy ju\u017c nie u\u0142o\u017cy\u0142a sobie osobistego  \u017cycia. Wysz\u0142a z wi\u0119zienia cicha, spokojna, siwa jak go\u0142\u0105bek&#8230; Co si\u0119 sta\u0142o z  jej sympati\u0105 nie wiadomo.<br> Zamieszka\u0142a w domu rodzinnym &#8222;Marian\u00f3wce&#8221; w Gorlicach. Pracowa\u0142a w Powszechnej  Sp\u00f3\u0142dzielni Spo\u017cywc\u00f3w &nbsp;&#8222;Spo\u0142em&#8221; ( sp\u00f3\u0142dzielcza sie\u0107 handlowa za\u0142o\u017cona w 1907r. w  \u0141odzi ) oraz w Powiatowej Miejskiej Radzie Narodowej. Ca\u0142e \u017cycie zwi\u0105zana by\u0142a z  m\u0142odzie\u017c\u0105, z ruchem harcerskim. Kocha\u0142a turystyk\u0119. W wolnych chwilach malowa\u0142a.<br> Tak jak cichutko \u017cy\u0142a, tak spokojnie odesz\u0142a&#8230; Zmar\u0142a 21.07.1994 r. w  Gorlicach. Zosta\u0142a pochowana na miejscowym cmentarzu rzymsko &#8211; katolickim.<\/p>\n\n\n\n<p><\/p>\n","protected":false},"excerpt":{"rendered":"<p>Polna to niewielka malownicza wie\u015b nale\u017c\u0105ca do gminy Gryb\u00f3w. Przez wie\u015b przebiega linia kolejowa Str\u00f3\u017ce &#8211; Jas\u0142o oraz droga powiatowa<\/p>\n","protected":false},"author":1,"featured_media":0,"parent":0,"menu_order":0,"comment_status":"closed","ping_status":"closed","template":"","meta":{"footnotes":""},"_links":{"self":[{"href":"https:\/\/sppolna.gminagrybow.pl\/index.php?rest_route=\/wp\/v2\/pages\/175"}],"collection":[{"href":"https:\/\/sppolna.gminagrybow.pl\/index.php?rest_route=\/wp\/v2\/pages"}],"about":[{"href":"https:\/\/sppolna.gminagrybow.pl\/index.php?rest_route=\/wp\/v2\/types\/page"}],"author":[{"embeddable":true,"href":"https:\/\/sppolna.gminagrybow.pl\/index.php?rest_route=\/wp\/v2\/users\/1"}],"replies":[{"embeddable":true,"href":"https:\/\/sppolna.gminagrybow.pl\/index.php?rest_route=%2Fwp%2Fv2%2Fcomments&post=175"}],"version-history":[{"count":23,"href":"https:\/\/sppolna.gminagrybow.pl\/index.php?rest_route=\/wp\/v2\/pages\/175\/revisions"}],"predecessor-version":[{"id":1020,"href":"https:\/\/sppolna.gminagrybow.pl\/index.php?rest_route=\/wp\/v2\/pages\/175\/revisions\/1020"}],"wp:attachment":[{"href":"https:\/\/sppolna.gminagrybow.pl\/index.php?rest_route=%2Fwp%2Fv2%2Fmedia&parent=175"}],"curies":[{"name":"wp","href":"https:\/\/api.w.org\/{rel}","templated":true}]}}