{"id":19,"date":"2019-01-03T21:23:14","date_gmt":"2019-01-03T20:23:14","guid":{"rendered":"http:\/\/sppolna.gminagrybow.pl\/?page_id=19"},"modified":"2023-03-14T14:04:17","modified_gmt":"2023-03-14T13:04:17","slug":"patron","status":"publish","type":"page","link":"https:\/\/sppolna.gminagrybow.pl\/?page_id=19","title":{"rendered":"Patron"},"content":{"rendered":"\n<div class=\"wp-block-image\"><figure class=\"alignleft\"><img decoding=\"async\" src=\"http:\/\/sppolna.gminagrybow.pl\/wp-content\/uploads\/2019\/01\/balicki.jpg\" alt=\"\"\/><\/figure><\/div>\n\n\n\n<p>B\u0142ogos\u0142awiony ksi\u0105dz Jan Balicki urodzi\u0142 si\u0119 25 stycznia 1869 roku w Staromie\u015bciu k\/Rzeszowa.&nbsp;Po uko\u0144czeniu gimnazjum i zdaniu matury w Rzeszowie wst\u0105pi\u0142 do Seminarium Duchownego w Przemy\u015blu. Tam przyj\u0105\u0142 \u015bwi\u0119cenia kap\u0142a\u0144skie 2 lipca 1892 roku.&nbsp;<!--czytajjjj-->Po kr\u00f3tkich wakacjach w rodzinnej \u015awilczy&nbsp; 13 sierpnia 1892 roku otrzyma\u0142 pierwsze skierowanie do pracy jako wikariusz w parafii Polna (w\u00f3wczas parafia Polna nale\u017ca\u0142a do diecezji przemyskiej, obecnie diecezja tarnowska, dekanat Gryb\u00f3w).&nbsp;Ksi\u0105dz Jan od samego pocz\u0105tku ca\u0142ym sercem zaanga\u017cowa\u0142 si\u0119 w prac\u0119 duszpastersk\u0105.&nbsp;W nied\u0142ugim czasie wie\u015b\u0107 o niezwyk\u0142ym kap\u0142anie \u2013 kaznodziei rozesz\u0142a si\u0119 po okolicy.&nbsp;  Kazania i apostolstwo przynosi\u0142y owoce w postaci zobowi\u0105za\u0144 parafian do trze\u017awo\u015bci.&nbsp;Ksi\u0105dz&nbsp; Jan Balicki to tak\u017ce niezwyk\u0142y spowiednik. Jego konfesjona\u0142 by\u0142 oblegany przez ludzi z dalekich stron. Gdy kto\u015b&nbsp; przez d\u0142ugie lata nie chodzi\u0142 do spowiedzi, on sam do niego szed\u0142 i prosi\u0142 dop\u00f3ki zb\u0142\u0105kanego nie sprowadzi\u0142 na drog\u0119 poprawy.&nbsp; Wierni dostrzegali jego niezwyk\u0142\u0105 pobo\u017cno\u015b\u0107 i mi\u0142osierdzie. Sam b\u0119d\u0105c ubogim dzieli\u0142 si\u0119 z potrzebuj\u0105cymi.&nbsp;<br>          Ksi\u0105dz Jan Balicki pracowa\u0142 w Polnej 15 miesi\u0119cy, a nast\u0119pnie zosta\u0142 skierowany na studia specjalistyczne do Rzymu. Po powrocie do diecezji by\u0142 wyk\u0142adowc\u0105 w Seminarium Duchownym w Przemy\u015blu, a p\u00f3\u017aniej jego rektorem.<br>Zmar\u0142 w Przemy\u015blu 15 marca 1948 roku. Papie\u017c Jan Pawe\u0142 II og\u0142osi\u0142 go b\u0142ogos\u0142awionym 18 sierpnia 2002 roku na B\u0142oniach Krakowskich. <br><strong><em>Od 23 pa\u017adziernika 2003 roku&nbsp; B\u0142. ks. Jan Balicki jest patronem Szko\u0142y Podstawowej w Polnej<\/em><\/strong>.&nbsp;<br><\/p>\n\n\n\n<div class=\"wp-block-image\"><figure class=\"alignright\"><img decoding=\"async\" src=\"http:\/\/sppolna.gminagrybow.pl\/wp-content\/uploads\/2019\/01\/rocznica03-3.jpg\" alt=\"\"\/><\/figure><\/div>\n\n\n\n<p>W  dniu 08 pa\u017adziernika 2008 r. odby\u0142a si\u0119 uroczysto\u015b\u0107 po\u015bwi\u0119cenia  sztandaru, w kt\u00f3rej uczestniczy\u0142a najbli\u017csza rodzina ks. Balickiego \u2013  Pa\u0144stwo Dwerniccy.&nbsp;J\u00f3zef Dwernicki: kiedy\u015b mistrz zmianowy na kolei, od  kilku lat emeryt, od zawsze szlachcic i&nbsp;cz\u0142onek rodziny b\u0142ogos\u0142awionego  ks. Jana Balickiego   (prababcia J\u00f3zefa &#8211; Antonina Rombek z&nbsp;domu   Balicka &#8211; by\u0142a siostr\u0105 ksi\u0119dza). <\/p>\n\n\n\n<figure class=\"wp-block-image\"><img decoding=\"async\" src=\"http:\/\/sppolna.gminagrybow.pl\/wp-content\/uploads\/2019\/01\/rocznica10-2.jpg\" alt=\"\"\/><\/figure>\n\n\n\n<p><br><\/p>\n\n\n\n<h2 class=\"wp-block-heading\"> <strong>14.03.2023 r.<\/strong> <\/h2>\n\n\n\n<p><strong>W przededniu 75 rocznicy&nbsp; \u015bmierci b\u0142. ks. Jana Balickiego, kt\u00f3ra przypada na dzie\u0144 15 marca, telewizja SYNAJ zamie\u015bci\u0142a 11 odcinek cyklu (NIE)ZWYKLI, kt\u00f3rego bohaterem jest Patron naszej szko\u0142y b\u0142. ks. Jan Balicki.<\/strong><\/p>\n\n\n\n<blockquote class=\"wp-block-quote\"><p>\u201eDobrze o Panie \u017ce\u015b mnie upokorzy\u0142\u201d &#8211; te s\u0142owa b\u0142. ks. Jana Balickiego pokazuj\u0105 jakim by\u0142 cz\u0142owiekiem. Dzi\u015b m\u00f3wimy \u201emocarzem\u201d. Jego niezwyk\u0142a pokora przebija\u0142a wsz\u0119dzie; w pos\u0142udze kap\u0142a\u0144skiej dla parafii Polna, do kt\u00f3rej go skierowano, w miejscowej szkole podstawowej, kt\u00f3rej histori\u0119 rozpocz\u0105\u0142, w ko\u0144cu w wychowaniu dzieci i m\u0142odzie\u017cy, z kt\u00f3rymi pracowa\u0142 na co dzie\u0144. Niestrudzenie walczy\u0142 o ludzkie serca, od wczesnych godzin porannych przesiaduj\u0105c w konfesjonale &#8211; zje\u017cd\u017ca\u0142y si\u0119 do niego prawdziwe t\u0142umy! Dzi\u015b czcimy go jako b\u0142ogos\u0142awionego, a mieszka\u0144cy jego pierwszej i jedynej parafii opowiadaj\u0105 wiele z ust do ust przekazywanych historii do wys\u0142uchania kt\u00f3rych serdecznie Was zapraszamy!<\/p><\/blockquote>\n\n\n\n<p>Zapraszamy do ogl\u0105dni\u0119cia odcinka re\u017cyserii pani Klaudi Tarczo\u0144 oraz Pana Tomasza Wnuka:<\/p>\n\n\n<div class=\"tx-youtube-outerwarp\" style=\"width: 100%\"><div class=\"tx-youtube-warp\" style=\"\"><iframe src=\"https:\/\/www.youtube.com\/embed\/iOA4flwOhf0?controls=1&amp;showinfo=0&amp;rel=0&amp;autoplay=0\" frameborder=\"0\" allow=\"autoplay\" allowfullscreen><\/iframe><\/div><\/div>\n\n\n\n<p><\/p>\n","protected":false},"excerpt":{"rendered":"<p>B\u0142ogos\u0142awiony ksi\u0105dz Jan Balicki urodzi\u0142 si\u0119 25 stycznia 1869 roku w Staromie\u015bciu k\/Rzeszowa.&nbsp;Po uko\u0144czeniu gimnazjum i zdaniu matury w Rzeszowie<\/p>\n","protected":false},"author":1,"featured_media":0,"parent":0,"menu_order":0,"comment_status":"closed","ping_status":"closed","template":"","meta":{"footnotes":""},"_links":{"self":[{"href":"https:\/\/sppolna.gminagrybow.pl\/index.php?rest_route=\/wp\/v2\/pages\/19"}],"collection":[{"href":"https:\/\/sppolna.gminagrybow.pl\/index.php?rest_route=\/wp\/v2\/pages"}],"about":[{"href":"https:\/\/sppolna.gminagrybow.pl\/index.php?rest_route=\/wp\/v2\/types\/page"}],"author":[{"embeddable":true,"href":"https:\/\/sppolna.gminagrybow.pl\/index.php?rest_route=\/wp\/v2\/users\/1"}],"replies":[{"embeddable":true,"href":"https:\/\/sppolna.gminagrybow.pl\/index.php?rest_route=%2Fwp%2Fv2%2Fcomments&post=19"}],"version-history":[{"count":17,"href":"https:\/\/sppolna.gminagrybow.pl\/index.php?rest_route=\/wp\/v2\/pages\/19\/revisions"}],"predecessor-version":[{"id":5872,"href":"https:\/\/sppolna.gminagrybow.pl\/index.php?rest_route=\/wp\/v2\/pages\/19\/revisions\/5872"}],"wp:attachment":[{"href":"https:\/\/sppolna.gminagrybow.pl\/index.php?rest_route=%2Fwp%2Fv2%2Fmedia&parent=19"}],"curies":[{"name":"wp","href":"https:\/\/api.w.org\/{rel}","templated":true}]}}