{"id":2279,"date":"2020-05-04T12:28:35","date_gmt":"2020-05-04T10:28:35","guid":{"rendered":"http:\/\/sppolna.gminagrybow.pl\/?page_id=2279"},"modified":"2021-05-12T10:53:37","modified_gmt":"2021-05-12T08:53:37","slug":"nauczanie-zdalne","status":"publish","type":"page","link":"https:\/\/sppolna.gminagrybow.pl\/?page_id=2279","title":{"rendered":"NAUCZANIE ZDALNE"},"content":{"rendered":"\n<p><strong><a href=\"http:\/\/sppolna.gminagrybow.pl\/wp-content\/uploads\/2021\/05\/zarzadzenie-21-hybryda-IV-VIIII.pdf\">ZARZ\u0104DZENIE NR 21\/2020\/2021 DYREKTORA SZKO\u0141Y PODSTAWOWEJ im. Bl. Ks. Jana Balickiego w Polnej z dnia 14.05.2021 r. w sprawie mieszanego modelu nauczania z wykorzystaniem kszta\u0142cenia na odleg\u0142o\u015b\u0107 oraz zaj\u0119\u0107 stacjonarnych w Szkole Podstawowej w Polnej<\/a><\/strong><\/p>\n\n\n\n<p><strong><a href=\"http:\/\/sppolna.gminagrybow.pl\/wp-content\/uploads\/2021\/04\/zarzadzenie-19.pdf\">ZARZ\u0104DZENIE NR 19\/20\/21 DYREKTORA SZKO\u0141Y PODSTAWOWEJ im. b\u0142. ks. Jana Balickiego w POLNEJ z dnia 22.04.2021r. w sprawie  czasowego ograniczenia funkcjonowania Szko\u0142y Podstawowej B\u0142. ks. Jana Balickiego w Polnej<\/a><\/strong><a href=\"http:\/\/sppolna.gminagrybow.pl\/wp-content\/uploads\/2021\/04\/zarzadzenie-19.pdf\"> <\/a><\/p>\n\n\n\n<p><strong><a href=\"http:\/\/sppolna.gminagrybow.pl\/wp-content\/uploads\/2021\/04\/ZARZADZENIE-18-20-21.pdf\">ZARZ\u0104DZENIE NR 18\/20\/21 DYREKTORA SZKO\u0141Y PODSTAWOWEJ im. b\u0142. ks. Jana Balickiego w POLNEJ z dnia 16.04.2021r. w sprawie czasowego zawieszenia zaj\u0119\u0107 w klasach I &#8211; VIII Szko\u0142y Podstawowej im. B\u0142. ks. Jana Balickiego w Polnej<\/a><\/strong><\/p>\n\n\n\n<p><strong><a href=\"http:\/\/sppolna.gminagrybow.pl\/wp-content\/uploads\/2021\/04\/ZARZ\u0104DZENIE-NR-17.pdf\">ZARZ\u0104DZENIE NR 17\/20\/21 DYREKTORA SZKO\u0141Y PODSTAWOWEJ im. b\u0142. ks. Jana Balickiego w POLNEJ Z DNIA 08.04.2021r. w sprawie przed\u0142u\u017cenia czasowego zawieszenia zaj\u0119\u0107 w oddzia\u0142ach przedszkolnych i klasach I &#8211; VIII Szko\u0142y Podstawowej im. B\u0142. ks. Jana Balickiego w Polnej<\/a><\/strong><\/p>\n\n\n\n<p> <a href=\"http:\/\/sppolna.gminagrybow.pl\/wp-content\/uploads\/2021\/04\/ZARZ\u0104DZENIE-NR-16.pdf\"><strong>ZARZ\u0104DZENIE NR 16\/20\/21 DYREKTORA SZKO\u0141Y PODSTAWOWEJ im. B\u0142. ks. Jana Balickiego w POLNEJ Z DNIA 26.03.2021 r.  w sprawie zawieszenia zaj\u0119\u0107 w oddzia\u0142ach przedszkolnych Szko\u0142y Podstawowej im. B\u0142. ks. Jana Balickiego w Polnej <\/strong><\/a> <\/p>\n\n\n\n<p><strong>Z<\/strong><a href=\"http:\/\/sppolna.gminagrybow.pl\/wp-content\/uploads\/2021\/04\/ZARZ\u0104DZENIE-NR-15-20-21.pdf\"><strong>ARZ\u0104DZENIE NR 15\/20\/21 DYREKTORA SZKO\u0141Y PODSTAWOWEJ im. B\u0142. ks. Jana Balickiego w POLNEJ Z DNIA 19.03.2021 r.  w sprawie czasowego ograniczenia funkcjonowania Szko\u0142y Podstawowej im. B\u0142. ks. Jana Balickiego w Polnej <\/strong><\/a><\/p>\n\n\n\n<p><strong><a href=\"http:\/\/sppolna.gminagrybow.pl\/wp-content\/uploads\/2021\/02\/ZARZ\u0104DZENIE-NR-11-czasowe-ograniczenie-funkcjonowania-szko\u0142y.pdf\">ZARZ\u0104DZENIE NR 11\/20\/21 DYREKTORA SZKO\u0141Y PODSTAWOWEJ im. B\u0142. ks. Jana Balickiego W POLNEJ z dnia 29 stycznia 2021 r. w sprawie czasowego ograniczenia funkcjonowania  Szko\u0142y Podstawowej im. B\u0142. ks. Jana Balickiego w Polnej<\/a><\/strong><\/p>\n\n\n\n<p><a href=\"http:\/\/sppolna.gminagrybow.pl\/wp-content\/uploads\/2021\/01\/ZARZ\u0104DZENIE-NR-10-organizacja-pracy-1-3.pdf\"><strong>ZARZ\u0104DZENIE NR 10\/20\/21 DYREKTORA SZKO\u0141Y PODSTAWOWEJ im. B\u0142. ks. Jana Balickiego W POLNEJ w z dnia 15 stycznia 2021r. sprawie organizacji pracy w klasach I &#8211; III od 18 stycznia 2021r.<\/strong><\/a><\/p>\n\n\n\n<p><a href=\"http:\/\/sppolna.gminagrybow.pl\/wp-content\/uploads\/2021\/01\/ORGANIZACJA-PRACY-od-18-stycznia-2021-kl.1-3.pdf\"><strong>ORGANIZACJA PRACY SZKO\u0141Y OD  18 STYCZNIA 2021R. W  ZWI\u0104ZKU Z ZAPOBIEGANIEM COVID &#8211; 19<\/strong><\/a><\/p>\n\n\n\n<p><a href=\"http:\/\/sppolna.gminagrybow.pl\/wp-content\/uploads\/2021\/01\/ZARZ\u0104DZENIE-NR-9-w-sprawie-czasowego-ograniczenia-funkcjonowania-szko\u0142y.pdf\"> <strong>ZARZ\u0104DZENIE NR 9\/20\/21 DYREKTORA SZKO\u0141Y PODSTAWOWEJ im. B\u0142. ks. Jana  Balickiego W POLNEJ w z dnia 14 stycznia 2021r. sprawie CZASOWEGO OGRANICZENIA FUNKCJONOWANIA SZKO\u0141Y<\/strong><\/a><\/p>\n\n\n\n<p><strong><a href=\"http:\/\/sppolna.gminagrybow.pl\/wp-content\/uploads\/2020\/11\/ZARZ\u0104DZENIE-NR-7p.pdf\">ZARZ\u0104DZENIE NR 7\/20\/21 DYREKTORA SZKO\u0141Y PODSTAWOWEJ im. B\u0142. ks. Jana Balickiego W POLNEJ z dnia 25 listopada 2020 r. w sprawie czasowego ograniczenia funkcjonowania Szko\u0142y Podstawowej im. B\u0142. ks. Jana Balickiego w Polnej<\/a><\/strong><\/p>\n\n\n\n<p><strong><a href=\"http:\/\/sppolna.gminagrybow.pl\/wp-content\/uploads\/2020\/11\/ZARZADZENIE-NR-6-20.pdf\">ZARZ\u0104DZENIE NR 6\/20\/21 <\/a><\/strong><a href=\"http:\/\/sppolna.gminagrybow.pl\/wp-content\/uploads\/2020\/11\/ZARZADZENIE-NR-6-20.pdf\">&nbsp;<\/a><strong><a href=\"http:\/\/sppolna.gminagrybow.pl\/wp-content\/uploads\/2020\/11\/ZARZADZENIE-NR-6-20.pdf\">DYREKTORA SZKO\u0141Y PODSTAWOWEJ im. B\u0142. ks. Jana Balickiego W POLNEJ z dnia 6 listopada 2020 r. w sprawie czasowego ograniczenia funkcjonowania Szko\u0142y Podstawowej im. B\u0142. ks. Jana Balickiego w Polnej<\/a><\/strong><\/p>\n\n\n\n<p><strong><a href=\"http:\/\/sppolna.gminagrybow.pl\/wp-content\/uploads\/2020\/11\/ZARZADZENIE-NR-5-1.pdf\">ZARZ\u0104DZENIE NR 5\/20\/21 <\/a><\/strong><a href=\"http:\/\/sppolna.gminagrybow.pl\/wp-content\/uploads\/2020\/11\/ZARZADZENIE-NR-5-1.pdf\">&nbsp;<\/a><strong><a href=\"http:\/\/sppolna.gminagrybow.pl\/wp-content\/uploads\/2020\/11\/ZARZADZENIE-NR-5-1.pdf\">DYREKTORA SZKO\u0141Y PODSTAWOWEJ im. B\u0142. ks. Jana Balickiego W POLNEJ z dnia 26 pa\u017adziernika 2020 r. w sprawie czasowego ograniczenia funkcjonowania Szko\u0142y Podstawowej im. B\u0142. ks. Jana Balickiego w Polnej<\/a><\/strong><\/p>\n\n\n\n<p><strong><a href=\"http:\/\/sppolna.gminagrybow.pl\/wp-content\/uploads\/2020\/11\/Organizacja-ksztalcenia-na-odleglosc-SP-Polna-1.pdf\">Organizacja kszta\u0142cenia na odleg\u0142o\u015b\u0107 od 26.10.2020r. w Szkole Podstawowej im. B\u0142. ks. Jana Balickiego w Polnej<\/a><\/strong><\/p>\n\n\n\n<p><a href=\"http:\/\/sppolna.gminagrybow.pl\/wp-content\/uploads\/2020\/05\/Zarz\u0105dzenie-dyrektora-szko\u0142y-sprawdzian-procedury-bezpiecze\u0144stwa.pdf\">ZARZ\u0104DZENIE NR 11\/19\/20 DYREKTORA SZKO\u0141Y PODSTAWOWEJ im. B\u0142. ks. Jana Balickiego w POLNEJ z dnia 27.05.2020r. w sprawie wprowadzenia procedury bezpiecze\u0144stwa organizacji egzaminu \u00f3smoklasisty<\/a><\/p>\n\n\n\n<p><a href=\"http:\/\/sppolna.gminagrybow.pl\/wp-content\/uploads\/2020\/05\/Zarzadzenie-egzaminy-klasyfikacyjne-i-poprawkowe-oraz-ustalenie-rocznej-oceny.pdf\">ZARZ\u0104DZENIE NR 10\/19\/20 DYREKTORA SZKO\u0141Y PODSTAWOWEJ im. B\u0142. ks. Jana Balickiego w POLNEJ z dnia 19.05.2020r. w sprawie ustalenia warunk\u00f3w i sposobu przeprowadzenia egzaminu klasyfikacyjnego, poprawkowego i sprawdzianu wiedzy i umiej\u0119tno\u015bci oraz warunk\u00f3w ustalenia rocznej oceny zachowania w przypadku wniesienia zastrze\u017ce\u0144 do trybu ustalenia oceny.<\/a><\/p>\n\n\n\n<p><a href=\"http:\/\/sppolna.gminagrybow.pl\/wp-content\/uploads\/2020\/05\/Zarz\u0105dzenie-9-w-sprawie-wprowadzenia-procedur-w-szkole.pdf\">ZARZ\u0104DZENIE NR 9\/19\/20 DYREKTORA SZKO\u0141Y PODSTAWOWEJ im. B\u0142. ks. Jana Balickiego w POLNEJ z dnia 18.05.2020r. w sprawie wprowadzenia do stosowania procedur bezpiecze\u0144stwa w Szkole w zwi\u0105zku z zapobieganiem, przeciwdzia\u0142aniem i zwalczaniem COVID-19<\/a><\/p>\n\n\n\n<p><a href=\"http:\/\/sppolna.gminagrybow.pl\/wp-content\/uploads\/2020\/05\/Procedury-SP-Polna-zasady-funkcjonowania-w-epidemii.pdf\">Zasady funkcjonowania zaj\u0119\u0107 rewalidacyjnych, konsultacji oraz zaj\u0119\u0107 opieku\u0144czo \u2013 wychowawczych z elementami zaj\u0119\u0107 dydaktycznych dla klas &nbsp;&nbsp;I &#8211; III w Szkole Podstawowej im. B\u0142. ks. Jana &nbsp;w czasie epidemii koronawirusa COVID \u2013 19<\/a><\/p>\n\n\n\n<p><a href=\"http:\/\/sppolna.gminagrybow.pl\/wp-content\/uploads\/2020\/05\/Zarz\u0105dzenie-8-w-sprawie-wprowadzenia-procedur-w-przedszkolu.pdf\">ZARZ\u0104DZENIE NR 8\/19\/20 DYREKTORA SZKO\u0141Y PODSTAWOWEJ im. B\u0142. ks. Jana Balickiego w POLNEJ z dnia 15.05.2020r.w sprawie wprowadzenia do stosowania procedur bezpiecze\u0144stwa w zwi\u0105zku z zapobieganiem, przeciwdzia\u0142aniem i zwalczaniem COVID-19<\/a><\/p>\n\n\n\n<p><a href=\"http:\/\/sppolna.gminagrybow.pl\/wp-content\/uploads\/2020\/05\/oswiadczenie-rodzica-i-procedury-przedszkole.pdf\">Zasady  funkcjonowania &nbsp;Oddzia\u0142u Przedszkolnego w &nbsp;Polnej w czasie epidemii  koronawirusa COVID \u2013 19 oraz o\u015bwiadczenie rodzica dziecka &#8211; za\u0142\u0105cznik do Zarz\u0105dzenia 8\/19\/20.<\/a><\/p>\n\n\n\n<p><a href=\"http:\/\/sppolna.gminagrybow.pl\/wp-content\/uploads\/2020\/05\/Zarz\u0105dzenie-nr-7o-zawieszeniu-zaj\u0119\u0107-przedszkola-.pdf\">ZARZ\u0104DZENIE NR 7\/19\/2 DYREKTORA SZKO\u0141Y PODSTAWOWEJ im. B\u0142. ks. Jana Balickiego w POLNEJ z dnia 06.04.2020r. w sprawie czasowego  zawieszenia zaj\u0119\u0107 w Oddziale przedszkolnym w Szkole Podstawowej w  Polnej w zwi\u0105zku z zapobieganiem, przeciwdzia\u0142aniem i zwalczaniem  COVID-19.<\/a><\/p>\n\n\n\n<p><a href=\"http:\/\/sppolna.gminagrybow.pl\/wp-content\/uploads\/2020\/05\/Zarzadzenie-6-monitorowanie-pracy-uczni\u00f3w1.pdf\">ZARZ\u0104DZENIE NR 6\/19\/20 DYREKTORA SZKO\u0141Y PODSTAWOWEJ im. B\u0142. ks. Jana Balickiego w POLNEJ z dnia 26.03.2020r. w sprawie ustalenia sposobu monitorowania post\u0119p\u00f3w uczni\u00f3w, sposobu weryfikacji wiedzy i umiej\u0119tno\u015bci uczni\u00f3w, informowania uczni\u00f3w lub rodzic\u00f3w o post\u0119pach ucznia w nauce, a tak\u017ce uzyskanych przez niego ocenach<\/a><\/p>\n\n\n\n<p><a href=\"http:\/\/sppolna.gminagrybow.pl\/wp-content\/uploads\/2020\/05\/Zarz\u0105dzenia-5-g.-nadlicz.pdf\">ZARZ\u0104DZENIE NR 5\/19\/20 DYREKTORA SZKO\u0141Y PODSTAWOWEJ im. B\u0142. ks. Jana Balickiego w POLNEJ z dnia 25.03.2020r. w sprawie okre\u015blenia zasad zaliczania do wymiaru godzin poszczeg\u00f3lnych zaj\u0119\u0107 realizowanych z wykorzystaniem metod i technik kszta\u0142cenia na odleg\u0142o\u015b\u0107 lub innego sposobu kszta\u0142cenia w zwi\u0105zku z dalszym zapobieganiem, przeciwdzia\u0142aniem i zwalczaniem COVID-19<\/a><\/p>\n\n\n\n<p><a href=\"http:\/\/sppolna.gminagrybow.pl\/wp-content\/uploads\/2020\/05\/zarz\u0105dzenie-4-zdalne-nauczanie-2020.pdf\">ZARZ\u0104DZENIE NR 4\/19\/20 DYREKTORA SZKO\u0141Y PODSTAWOWEJ im. B\u0142. ks. Jana Balickiego w POLNEJ z dnia 24.03.2020r. sprawie sposobu i trybie realizacji zada\u0144 Szko\u0142y  w okresie czasowego ograniczenia jej funkcjonowania w zwi\u0105zku z zapobieganiem, przeciwdzia\u0142aniem i zwalczaniem COVID-19.<\/a><\/p>\n\n\n\n<p><a href=\"http:\/\/sppolna.gminagrybow.pl\/wp-content\/uploads\/2020\/05\/Informacja-realizacji-zada\u0144-Szko\u0142y-Podstawowej-w-Polnej.pdf\">Informacja o sposobie i trybie realizacji zada\u0144 Szko\u0142y Podstawowej im. B\u0142. ks. Jana Balickiego w Polnej w okresie czasowego ograniczenia jej funkcjonowania<\/a><br><br><\/p>\n","protected":false},"excerpt":{"rendered":"<p>ZARZ\u0104DZENIE NR 21\/2020\/2021 DYREKTORA SZKO\u0141Y PODSTAWOWEJ im. Bl. Ks. Jana Balickiego w Polnej z dnia 14.05.2021 r. w sprawie mieszanego<\/p>\n","protected":false},"author":1,"featured_media":0,"parent":0,"menu_order":0,"comment_status":"closed","ping_status":"closed","template":"","meta":{"footnotes":""},"_links":{"self":[{"href":"https:\/\/sppolna.gminagrybow.pl\/index.php?rest_route=\/wp\/v2\/pages\/2279"}],"collection":[{"href":"https:\/\/sppolna.gminagrybow.pl\/index.php?rest_route=\/wp\/v2\/pages"}],"about":[{"href":"https:\/\/sppolna.gminagrybow.pl\/index.php?rest_route=\/wp\/v2\/types\/page"}],"author":[{"embeddable":true,"href":"https:\/\/sppolna.gminagrybow.pl\/index.php?rest_route=\/wp\/v2\/users\/1"}],"replies":[{"embeddable":true,"href":"https:\/\/sppolna.gminagrybow.pl\/index.php?rest_route=%2Fwp%2Fv2%2Fcomments&post=2279"}],"version-history":[{"count":33,"href":"https:\/\/sppolna.gminagrybow.pl\/index.php?rest_route=\/wp\/v2\/pages\/2279\/revisions"}],"predecessor-version":[{"id":3889,"href":"https:\/\/sppolna.gminagrybow.pl\/index.php?rest_route=\/wp\/v2\/pages\/2279\/revisions\/3889"}],"wp:attachment":[{"href":"https:\/\/sppolna.gminagrybow.pl\/index.php?rest_route=%2Fwp%2Fv2%2Fmedia&parent=2279"}],"curies":[{"name":"wp","href":"https:\/\/api.w.org\/{rel}","templated":true}]}}