{"id":3469,"date":"2021-01-28T10:13:20","date_gmt":"2021-01-28T09:13:20","guid":{"rendered":"http:\/\/sppolna.gminagrybow.pl\/?page_id=3469"},"modified":"2025-01-09T10:05:47","modified_gmt":"2025-01-09T09:05:47","slug":"deklaracja-zgodnosci","status":"publish","type":"page","link":"https:\/\/sppolna.gminagrybow.pl\/?page_id=3469","title":{"rendered":"DEKLARACJA DOST\u0118PNO\u015aCI"},"content":{"rendered":"<p><strong>Deklaracja dost\u0119pno\u015bci cyfrowej dla strony podmiotowej BIP<\/strong><strong><br \/>\nWst\u0119p deklaracji<\/strong><\/p>\n<p>Szko\u0142a Podstawowa im. B\u0142. ks. Jana Balickiego w Polnej zobowi\u0105zuje si\u0119 zapewni\u0107 dost\u0119pno\u015b\u0107 swojej strony podmiotowej BIP zgodnie z przepisami ustawy z dnia 4 kwietnia 2019 r. o dost\u0119pno\u015bci cyfrowej stron internetowych i aplikacji mobilnych podmiot\u00f3w publicznych. O\u015bwiadczenie w sprawie dost\u0119pno\u015bci ma zastosowanie do strony podmiotowej BIP <a href=\"https:\/\/bip.malopolska.pl\/spwpolnej\">https:\/\/bip.malopolska.pl\/spwpolnej<\/a><\/p>\n<p><strong>Data sporz\u0105dzenia deklaracji<\/strong><\/p>\n<p>Data publikacji strony internetowej:\u00a02014-04-14<br \/>\nData ostatniej istotnej aktualizacji:\u00a02021-01-13<\/p>\n<p>Deklaracj\u0119 sporz\u0105dzono na podstawie samooceny przeprowadzonej przez podmiot publiczny.<\/p>\n<p><strong>\u00a0<\/strong><strong>Dane teleadresowe jednostki:<\/strong><\/p>\n<p>Szko\u0142a Podstawowa w Polnej<\/p>\n<p>Polna 30<\/p>\n<p>33-331 Str\u00f3\u017ce<\/p>\n<p>tel: 18 447 27 81<\/p>\n<p>e-mail: sppolna@gminagrybow.pl<\/p>\n<p>Strona podmiotowa BIP jest zgodna z ustaw\u0105 z dnia 4 kwietnia 2019 r. o dost\u0119pno\u015bci cyfrowej stron internetowych i aplikacji mobilnych podmiot\u00f3w publicznych.<\/p>\n<p><strong>U\u0142atwienia na stronie podmiotowej BIP<\/strong><\/p>\n<p>Strona internetowa jest <strong>cz\u0119\u015bciowo zgodna<\/strong> z ustaw\u0105 z dnia 4 kwietnia 2019 r. o dost\u0119pno\u015bci cyfrowej stron internetowych i aplikacji mobilnych podmiot\u00f3w publicznych z powodu niezgodno\u015bci lub wy\u0142\u0105cze\u0144 wymienionych poni\u017cej.<\/p>\n<p>Wymagania, kt\u00f3re nie zosta\u0142y spe\u0142nione:<\/p>\n<ul>\n<li>filmy nie posiadaj\u0105 napis\u00f3w dla os\u00f3b g\u0142uchych (filmy zosta\u0142y opublikowane przed wej\u015bciem w \u017cycie ustawy o dost\u0119pno\u015bci cyfrowej)<\/li>\n<li>alternatywa w postaci tekstu (nie wszystkie pliki graficzne posiadaj\u0105 alternatywny tekst)<\/li>\n<li>kontrast dla tre\u015bci nieb\u0119d\u0105cych tekstem (nie wszystkie pliki graficzne posiadaj\u0105 kontrast)<\/li>\n<\/ul>\n<p>Strony podmiotowe w ramach Regionalnego Systemu BIP w Ma\u0142opolsce posiadaj\u0105 nast\u0119puj\u0105ce u\u0142atwienia:<\/p>\n<ul>\n<li>podwy\u017cszony kontrast (czarne t\u0142o, \u017c\u00f3\u0142te litery)<\/li>\n<li>mo\u017cliwo\u015b\u0107 powi\u0119kszenia wielko\u015bci liter na stronie<\/li>\n<li>mo\u017cliwo\u015b\u0107 zwi\u0119kszenia interlinii oraz odst\u0119p\u00f3w pomi\u0119dzy literami<\/li>\n<li>mapa strony<\/li>\n<li>focus wok\u00f3\u0142 element\u00f3w nawigacyjnych<\/li>\n<\/ul>\n<p><strong>Skr\u00f3ty klawiaturowe<\/strong><\/p>\n<p>Na stronie internetowej mo\u017cna u\u017cywa\u0107 standardowych skr\u00f3t\u00f3w klawiaturowych przegl\u0105darki.<\/p>\n<p><strong>Informacje zwrotne i dane kontaktowe<\/strong><\/p>\n<p>Osoba do kontaktu w sprawie dost\u0119pno\u015bci:\u00a0Katarzyna Gryz\u0142o &#8211; Kmak<br \/>\ne-mail:\u00a0<a href=\"mailto:kasiagryzlokmak@gmail.com\">kasiagryzlokmak@gmail.com<\/a><br \/>\nTelefon:\u00a0791300628<\/p>\n<p>T\u0105 sam\u0105 drog\u0105 mo\u017cna sk\u0142ada\u0107 wnioski o udost\u0119pnienie informacji niedost\u0119pnej oraz sk\u0142ada\u0107 \u017c\u0105dania zapewnienia dost\u0119pno\u015bci.<\/p>\n<p><strong>Procedura wnioskowo-skargowa<\/strong><\/p>\n<p>Uprzejmie informujemy, \u017ce zgodnie z ustaw\u0105 z dnia 4 kwietnia 2019 r. o dost\u0119pno\u015bci cyfrowej stron internetowych i aplikacji mobilnych podmiot\u00f3w publicznych ka\u017cdy ma prawo wyst\u0105pi\u0107 do podmiotu publicznego z \u017c\u0105daniem udost\u0119pnienia cyfrowego wskazanej strony internetowej, aplikacji mobilnej lub ich element\u00f3w, ewentualnie zapewnienia dost\u0119pu alternatywnego, na warunkach okre\u015blonych w ustawie. W przypadku odmowy wnosz\u0105cy \u017c\u0105danie mo\u017cne z\u0142o\u017cy\u0107 skarg\u0119 z zastosowaniem przepis\u00f3w ustawy z dnia 14 czerwca 1960 r. Kodeks post\u0119powania administracyjnego, a tak\u017ce powiadomi\u0107 Rzecznika Praw Obywatelskich:\u00a0<a href=\"http:\/\/www.rpo.gov.pl\">www.rpo.gov.pl<\/a><\/p>\n<p><strong>Dost\u0119pno\u015b\u0107 architektoniczna<\/strong><\/p>\n<p>Obecnie trwa rozbudowa szko\u0142y o cz\u0119\u015b\u0107 dydaktyczn\u0105 i sal\u0119\u00a0 gimnastyczn\u0105 z zapleczem sanitarnym. Budynek Szko\u0142y posiada dwa wej\u015bcia: jedno dla uczni\u00f3w klas I\u00a0&#8211; VIII,\u00a0drugie dla dzieci oddzia\u0142\u00f3w przedszkolnych<\/p>\n<ul>\n<li>na terenie szko\u0142y zainstalowano monitoring zewn\u0119trzny,<\/li>\n<li>drogi ewakuacyjne wewn\u0105trz budynku s\u0105 oznakowane,<\/li>\n<li>brak toalety dla os\u00f3b niepe\u0142nosprawnych,<\/li>\n<li>nad wej\u015bciem nie ma g\u0142o\u015bnik\u00f3w systemu naprowadzaj\u0105cego d\u017awi\u0119kowo osoby niewidome i s\u0142abowidz\u0105ce,<\/li>\n<li>w budynku nie ma p\u0119tli indukcyjnych,<\/li>\n<li>w budynku brak jest windy,<\/li>\n<li>budynek nie jest dostosowany do os\u00f3b na w\u00f3zkach inwalidzkich,<\/li>\n<li>w budynku nie ma oznacze\u0144 w alfabecie brajla ani oznacze\u0144 kontrastowych lub w druku powi\u0119kszonym dla os\u00f3b niewidomych i s\u0142abowidz\u0105cych<\/li>\n<\/ul>\n","protected":false},"excerpt":{"rendered":"<p>Deklaracja dost\u0119pno\u015bci cyfrowej dla strony podmiotowej BIP Wst\u0119p deklaracji Szko\u0142a Podstawowa im. B\u0142. ks. Jana Balickiego w Polnej zobowi\u0105zuje si\u0119<\/p>\n","protected":false},"author":1,"featured_media":0,"parent":0,"menu_order":0,"comment_status":"closed","ping_status":"closed","template":"","meta":{"footnotes":""},"_links":{"self":[{"href":"https:\/\/sppolna.gminagrybow.pl\/index.php?rest_route=\/wp\/v2\/pages\/3469"}],"collection":[{"href":"https:\/\/sppolna.gminagrybow.pl\/index.php?rest_route=\/wp\/v2\/pages"}],"about":[{"href":"https:\/\/sppolna.gminagrybow.pl\/index.php?rest_route=\/wp\/v2\/types\/page"}],"author":[{"embeddable":true,"href":"https:\/\/sppolna.gminagrybow.pl\/index.php?rest_route=\/wp\/v2\/users\/1"}],"replies":[{"embeddable":true,"href":"https:\/\/sppolna.gminagrybow.pl\/index.php?rest_route=%2Fwp%2Fv2%2Fcomments&post=3469"}],"version-history":[{"count":3,"href":"https:\/\/sppolna.gminagrybow.pl\/index.php?rest_route=\/wp\/v2\/pages\/3469\/revisions"}],"predecessor-version":[{"id":7579,"href":"https:\/\/sppolna.gminagrybow.pl\/index.php?rest_route=\/wp\/v2\/pages\/3469\/revisions\/7579"}],"wp:attachment":[{"href":"https:\/\/sppolna.gminagrybow.pl\/index.php?rest_route=%2Fwp%2Fv2%2Fmedia&parent=3469"}],"curies":[{"name":"wp","href":"https:\/\/api.w.org\/{rel}","templated":true}]}}