{"id":6764,"date":"2024-03-08T08:23:37","date_gmt":"2024-03-08T07:23:37","guid":{"rendered":"http:\/\/sppolna.gminagrybow.pl\/?page_id=6764"},"modified":"2025-07-04T12:43:05","modified_gmt":"2025-07-04T10:43:05","slug":"klauzula-informacyjna","status":"publish","type":"page","link":"https:\/\/sppolna.gminagrybow.pl\/?page_id=6764","title":{"rendered":"KLAUZULA INFORMACYJNA"},"content":{"rendered":"\n<p><strong>OG\u00d3LNA KLAUZULA INFORMACYJNA O PRZETWARZANIU DANYCH OSOBOWYCH<br>W SZKOLE PODSTAWOWEJ im. B\u0142. ks. Jana Balickiego w POLNEJ<\/strong><\/p>\n\n\n\n<p>W zwi\u0105zku z realizacj\u0105 wymog\u00f3w Rozporz\u0105dzenia Parlamentu Europejskiego i Rady (UE) 2016\/679 z dnia27 kwietnia 2016 r. w sprawie ochrony os\u00f3b fizycznych w zwi\u0105zku z przetwarzaniem danych osobowychi w sprawie swobodnego przep\u0142ywu takich danych oraz uchylenia dyrektywy 95\/46\/WE (og\u00f3lne rozporz\u0105dzenie o ochronie danych \u201eRODO\u201d), informujemy o zasadach przetwarzania danych osobowych oraz o przys\u0142uguj\u0105cych Pa\u0144stwu prawach z tym zwi\u0105zanych:<strong><\/strong><\/p>\n\n\n\n<ol>\n<li>Administratorem pozyskiwanych danych osobowych jest Szko\u0142a Podstawowa w Polnej reprezentowana przez Dyrektora Szko\u0142y, adres siedziby: Polna 30, 33-331 Str\u00f3\u017ce<\/li>\n\n\n\n<li>Z administratorem \u2013 mo\u017cna si\u0119 skontaktowa\u0107 za pomoc\u0105: elektronicznie email: sppolna@gminagrybow.pl, telefonicznie: 18 4472781, pisemnie na adres siedziby administratora.<\/li>\n\n\n\n<li>W sprawach z zakresu ochrony danych osobowych mo\u017cliwy jest kontakt z inspektorem ochrony danych&nbsp; \u2013 p. Anna Tokarz, kontakt email: iod.gcuw@gminarybow.pl; pisemnie na podany w pkt 1 adres, telefonicznie: 604 49 95 49.<\/li>\n<\/ol>\n\n\n\n<p>4. Dane osobowe uczni\u00f3w, ich rodzic\u00f3w lub opiekun\u00f3w prawnych przetwarzane s\u0105 w celac<\/p>\n\n\n\n<p>\u2013 wype\u0142niania obowi\u0105zk\u00f3w prawnych ci\u0105\u017c\u0105cych na szkole w zwi\u0105zku z prowadzeniem zada\u0144 dydaktycznych, wychowawczych i opieku\u0144czych,zagwarantowania dziecku bezpiecze\u0144stwa oraz wype\u0142nianie obowi\u0105zku dotycz\u0105cego uzupe\u0142nienia i prowadzenia dokumentacji przebiegu nauczania, &nbsp;na podstawie art.6 ust.1 lit. c)lub art. 9 ust. 2 lit. g) &nbsp;RODO, a wynikaj\u0105cych m.in. z ustawy z dnia 7 wrze\u015bnia 1991 r. o systemie o\u015bwiaty, ustawy z dnia 14 grudnia 2016 r. \u2013 Prawo o\u015bwiatowe, ustawy z 26 stycznia 1982r. Karta Nauczyciela, Ustawy z dnia 15 kwietnia 2011r. o systemie informacji o\u015bwiatowejoraz przepis\u00f3w wykonawczych wydanych na ich podstawie.<\/p>\n\n\n\n<p>\u2013 plac\u00f3wka przetwarza r\u00f3wnie\u017c dane osobowe pracownik\u00f3w i kontrahent\u00f3w w celu prawid\u0142owej realizacji um\u00f3w o prac\u0119 b\u0105d\u017a innych um\u00f3w &nbsp;o charakterze cywilno-prawnym na podstawie &nbsp;art. 6 ust. 1 lit. b) RODO.<\/p>\n\n\n\n<p>\u2013&nbsp; promocji i informacji o dzia\u0142alno\u015bci szko\u0142y, w tym szczeg\u00f3lnie publikacji &nbsp;wizerunku uczni\u00f3w na stronie internetowej na podstawie art. 6 ust. 1 lit. a) RODO \u2013 &nbsp;tj. na podstawie wyra\u017conej przez Pa\u0144stwa zgody.<\/p>\n\n\n\n<p>&#8211; dane osobowe mog\u0105 by\u0107 przetwarzane tak\u017ce w celu ewentualnego ustalenia, dochodzenia, lub obrony przed roszczeniami, b\u0119d\u0105cym realizacj\u0105&nbsp; prawnie uzasadnionego interesu Administratora na podstawie art.6 ust.1 lit. f) RODO.<\/p>\n\n\n\n<p>5. Pa\u0144stwa dane mog\u0105 zosta\u0107 przekazane podmiotom zewn\u0119trznym na podstawie umowy powierzenia przetwarzania danych osobowych, a tak\u017ce podmiotom lub organom uprawnionym na podstawie przepis\u00f3w prawa.<\/p>\n\n\n\n<p>6. Dane osobowe b\u0119d\u0105 przetwarzane wy\u0142\u0105cznie przez okres niezb\u0119dny do realizacji okre\u015blonego celu w jakim zosta\u0142y zebrane a nast\u0119pnie przechowywane w celach archiwalnych, do czego obliguj\u0105 Szko\u0142\u0119 &nbsp;przepisy ustawy z dnia 14 lipca 1983 r. narodowym zasobie archiwalnym. Okres przechowywania dokumentacji jest uzale\u017cniony od typu dokumentacji. O konkretny czas przechowywania mog\u0105 Pa\u0144stwo zapyta\u0107 naszych pracownik\u00f3w<\/p>\n\n\n\n<p>7. Gdy dane osobowe b\u0119d\u0105 przetwarzane na podstawie wyra\u017conej przez Pa\u0144stwa zgody na przetwarzanie danych osobowych, maj\u0105 Pa\u0144stwo prawo cofn\u0105\u0107 zgod\u0119 w dowolnym momencie bez wp\u0142ywu na zgodno\u015b\u0107 z prawem przetwarzania, kt\u00f3rego dokonano na podstawie zgody przed jej cofni\u0119ciem.<\/p>\n\n\n\n<p>8.W zwi\u0105zku z przetwarzaniem Pa\u0144stwa i dzieci danych osobowych na zasadach okre\u015blonych w przepisach RODO, przys\u0142uguj\u0105 Pa\u0144stwu nast\u0119puj\u0105ce prawa:&nbsp;<\/p>\n\n\n\n<p>a) prawo dost\u0119pu do danych osobowych;&nbsp;&nbsp;&nbsp;&nbsp;&nbsp;&nbsp;&nbsp;&nbsp;&nbsp;&nbsp;&nbsp;&nbsp;&nbsp;&nbsp;&nbsp;&nbsp;&nbsp;&nbsp;&nbsp;&nbsp;&nbsp;&nbsp;&nbsp;&nbsp;&nbsp;&nbsp;&nbsp;&nbsp;&nbsp;&nbsp;&nbsp;&nbsp;&nbsp;&nbsp;&nbsp;&nbsp;&nbsp;&nbsp;&nbsp;&nbsp;&nbsp;&nbsp;&nbsp;&nbsp;&nbsp;&nbsp;&nbsp;&nbsp;&nbsp;&nbsp;&nbsp;&nbsp;&nbsp;&nbsp;&nbsp;&nbsp;&nbsp;&nbsp;&nbsp;&nbsp;&nbsp;&nbsp;&nbsp;&nbsp;&nbsp;&nbsp;&nbsp;&nbsp;&nbsp;&nbsp;&nbsp;&nbsp;&nbsp;&nbsp;&nbsp;&nbsp;&nbsp;&nbsp;&nbsp;&nbsp;&nbsp;&nbsp;&nbsp;&nbsp;&nbsp;&nbsp;&nbsp;&nbsp;&nbsp;&nbsp;<br>b) prawo do \u017c\u0105dania sprostowania (poprawiania) danych osobowych;&nbsp;&nbsp;&nbsp;&nbsp;&nbsp;&nbsp;&nbsp;&nbsp;&nbsp;&nbsp;&nbsp;&nbsp;&nbsp;&nbsp;&nbsp;&nbsp;&nbsp;&nbsp;&nbsp;&nbsp;&nbsp;<br>c) prawo do \u017c\u0105dania usuni\u0119cia danych osobowych (tzw. prawo do bycia zapomnianym);&nbsp;&nbsp;&nbsp; &nbsp;&nbsp;&nbsp;&nbsp;<br>d) prawo do \u017c\u0105dania ograniczenia przetwarzania danych osobowych; &nbsp;&nbsp;&nbsp;&nbsp;&nbsp;&nbsp;&nbsp;&nbsp;&nbsp;&nbsp;&nbsp;&nbsp;&nbsp;&nbsp;&nbsp;&nbsp;&nbsp;&nbsp;&nbsp;&nbsp;&nbsp;&nbsp;&nbsp;&nbsp;&nbsp;&nbsp;&nbsp;&nbsp;&nbsp;&nbsp;&nbsp;&nbsp;<br>&nbsp;e) prawo do przenoszenia danych;&nbsp;&nbsp;&nbsp;&nbsp;&nbsp;&nbsp;&nbsp;&nbsp;&nbsp;&nbsp;&nbsp;&nbsp;&nbsp;&nbsp;&nbsp;&nbsp;&nbsp;&nbsp;&nbsp;&nbsp;&nbsp;&nbsp;&nbsp;&nbsp;&nbsp;&nbsp;&nbsp;&nbsp;&nbsp;&nbsp;&nbsp;&nbsp;&nbsp;&nbsp;&nbsp;&nbsp;&nbsp;&nbsp;&nbsp;&nbsp;&nbsp;&nbsp;&nbsp;&nbsp;&nbsp;&nbsp;&nbsp;&nbsp;&nbsp;&nbsp;&nbsp;&nbsp;&nbsp;&nbsp;&nbsp;&nbsp;&nbsp;&nbsp;&nbsp; &nbsp;<br>&nbsp;f) prawo wniesienia&nbsp; sprzeciwu wobec przetwarzania danych.<\/p>\n\n\n\n<p>9. Administrator nie b\u0119dzie&nbsp; przekazywa\u0107 danych osobowych do pa\u0144stwa trzeciego lub do organizacji &nbsp;mi\u0119dzynarodowej.<\/p>\n\n\n\n<p>10.Pa\u0144stwa oraz dziecka dane osobowe nie b\u0119d\u0105 przetwarzane w spos\u00f3b zautomatyzowany, i nie b\u0119d\u0105 podlega\u0142y zautomatyzowanemu podejmowaniu decyzji, oraz nie b\u0119d\u0105 tworzone \u017cadne profile.<\/p>\n\n\n\n<p>11.Je\u015bli stwierdz\u0105 Pa\u0144stwo, \u017ce przetwarzanie Pa\u0144stwa lub dziecka danych osobowych narusza RODO, maj\u0105 Pa\u0144stwo prawo wnie\u015b\u0107 skarg\u0119 do organu nadzorczego, kt\u00f3rym jest Prezes Urz\u0119du Ochrony Danych Osobowych.<\/p>\n\n\n\n<p>12. W przypadku zg\u00f3d, podanie danych osobowych nie jest obowi\u0105zkowe. W przypadku um\u00f3w, podanie danych osobowych jest konieczne do zawarcia umowy. Je\u015bli podanie danych wynika z przepis\u00f3w prawa, to jest ono obowi\u0105zkowe. Niepodanie danych wi\u0105za\u0107 si\u0119 b\u0119dzie z konsekwencjami nie zrealizowania okre\u015blonego celu.<\/p>\n","protected":false},"excerpt":{"rendered":"<p>OG\u00d3LNA KLAUZULA INFORMACYJNA O PRZETWARZANIU DANYCH OSOBOWYCHW SZKOLE PODSTAWOWEJ im. B\u0142. ks. Jana Balickiego w POLNEJ W zwi\u0105zku z realizacj\u0105<\/p>\n","protected":false},"author":1,"featured_media":0,"parent":0,"menu_order":0,"comment_status":"closed","ping_status":"closed","template":"","meta":{"footnotes":""},"_links":{"self":[{"href":"https:\/\/sppolna.gminagrybow.pl\/index.php?rest_route=\/wp\/v2\/pages\/6764"}],"collection":[{"href":"https:\/\/sppolna.gminagrybow.pl\/index.php?rest_route=\/wp\/v2\/pages"}],"about":[{"href":"https:\/\/sppolna.gminagrybow.pl\/index.php?rest_route=\/wp\/v2\/types\/page"}],"author":[{"embeddable":true,"href":"https:\/\/sppolna.gminagrybow.pl\/index.php?rest_route=\/wp\/v2\/users\/1"}],"replies":[{"embeddable":true,"href":"https:\/\/sppolna.gminagrybow.pl\/index.php?rest_route=%2Fwp%2Fv2%2Fcomments&post=6764"}],"version-history":[{"count":13,"href":"https:\/\/sppolna.gminagrybow.pl\/index.php?rest_route=\/wp\/v2\/pages\/6764\/revisions"}],"predecessor-version":[{"id":8131,"href":"https:\/\/sppolna.gminagrybow.pl\/index.php?rest_route=\/wp\/v2\/pages\/6764\/revisions\/8131"}],"wp:attachment":[{"href":"https:\/\/sppolna.gminagrybow.pl\/index.php?rest_route=%2Fwp%2Fv2%2Fmedia&parent=6764"}],"curies":[{"name":"wp","href":"https:\/\/api.w.org\/{rel}","templated":true}]}}