{"id":81,"date":"2019-01-05T16:24:24","date_gmt":"2019-01-05T15:24:24","guid":{"rendered":"http:\/\/sppolna.gminagrybow.pl\/?page_id=81"},"modified":"2019-01-25T15:42:02","modified_gmt":"2019-01-25T14:42:02","slug":"gazetka","status":"publish","type":"page","link":"https:\/\/sppolna.gminagrybow.pl\/?page_id=81","title":{"rendered":"Gazetka"},"content":{"rendered":"\n<p><em><strong>GAZETKA SZKOLNA  &#8211; &#8222;DU\u017bA PRZERWA&#8221;<\/strong><\/em><\/p>\n\n\n\n<p><strong><em>\n<a target=\"_blank\" href=\"https:\/\/www.calameo.com\/read\/001656048a004f530b1bf\" rel=\"noreferrer noopener\">\nMAJ 2018<\/a><\/em><\/strong><\/p>\n\n\n\n<p><strong><em>\n<a target=\"_blank\" href=\"http:\/\/www.calameo.com\/read\/0016560485f55bc0187c6\" rel=\"noreferrer noopener\">\nSTYCZE\u0143 &#8211; LUTY 2018<\/a><\/em><\/strong><\/p>\n\n\n\n<p><strong><em>\n<a target=\"_blank\" href=\"http:\/\/www.calameo.com\/read\/00165604875cf5302815f\" rel=\"noreferrer noopener\">\nWRZESIE\u0143 &#8211; PA\u0179DZIERNIK 2017<\/a><\/em><\/strong><\/p>\n\n\n\n<p><strong><em>\n<a target=\"_blank\" href=\"http:\/\/en.calameo.com\/read\/0016560484f1f42e92c68\" rel=\"noreferrer noopener\">\nMARZEC &#8211; KWIECIE\u0143 2017<\/a><\/em><\/strong><\/p>\n\n\n\n<p><strong><em>\n<a target=\"_blank\" href=\"http:\/\/www.calameo.com\/books\/0016560480c0da8eaab62\" rel=\"noreferrer noopener\">\nLISTOPAD &#8211; GRUDZIE\u0143 2016<\/a><\/em><\/strong><\/p>\n\n\n\n<p><strong>\n\n<a target=\"_blank\" href=\"http:\/\/www.calameo.com\/books\/001656048a94cc859faeb\" rel=\"noreferrer noopener\">\nWRZESIE\u0143 &#8211; PA\u0179DZIERNIK 2016<\/a><\/strong><\/p>\n\n\n\n<p><strong>\n<a target=\"_blank\" href=\"http:\/\/www.calameo.com\/read\/001656048e5ea6ebf5c1e\" rel=\"noreferrer noopener\">\nMAJ &#8211; CZERWIEC 2016<\/a><\/strong><\/p>\n\n\n\n<p><strong>\n<a target=\"_blank\" href=\"http:\/\/www.calameo.com\/books\/00165604814450645504f\" rel=\"noreferrer noopener\">\nMARZEC &#8211; KWIECIE\u0143 2016<\/a><\/strong><\/p>\n\n\n\n<p><strong>\n<a target=\"_blank\" href=\"http:\/\/www.calameo.com\/read\/001656048e8f3201f72de\" rel=\"noreferrer noopener\">\nSTYCZE\u0143 &#8211; LUTY 2016<\/a><\/strong><\/p>\n","protected":false},"excerpt":{"rendered":"<p>GAZETKA SZKOLNA &#8211; &#8222;DU\u017bA PRZERWA&#8221; MAJ 2018 STYCZE\u0143 &#8211; LUTY 2018 WRZESIE\u0143 &#8211; PA\u0179DZIERNIK 2017 MARZEC &#8211; KWIECIE\u0143 2017 LISTOPAD<\/p>\n","protected":false},"author":1,"featured_media":0,"parent":0,"menu_order":0,"comment_status":"closed","ping_status":"closed","template":"","meta":{"footnotes":""},"_links":{"self":[{"href":"https:\/\/sppolna.gminagrybow.pl\/index.php?rest_route=\/wp\/v2\/pages\/81"}],"collection":[{"href":"https:\/\/sppolna.gminagrybow.pl\/index.php?rest_route=\/wp\/v2\/pages"}],"about":[{"href":"https:\/\/sppolna.gminagrybow.pl\/index.php?rest_route=\/wp\/v2\/types\/page"}],"author":[{"embeddable":true,"href":"https:\/\/sppolna.gminagrybow.pl\/index.php?rest_route=\/wp\/v2\/users\/1"}],"replies":[{"embeddable":true,"href":"https:\/\/sppolna.gminagrybow.pl\/index.php?rest_route=%2Fwp%2Fv2%2Fcomments&post=81"}],"version-history":[{"count":2,"href":"https:\/\/sppolna.gminagrybow.pl\/index.php?rest_route=\/wp\/v2\/pages\/81\/revisions"}],"predecessor-version":[{"id":305,"href":"https:\/\/sppolna.gminagrybow.pl\/index.php?rest_route=\/wp\/v2\/pages\/81\/revisions\/305"}],"wp:attachment":[{"href":"https:\/\/sppolna.gminagrybow.pl\/index.php?rest_route=%2Fwp%2Fv2%2Fmedia&parent=81"}],"curies":[{"name":"wp","href":"https:\/\/api.w.org\/{rel}","templated":true}]}}