{"id":8391,"date":"2025-10-12T21:41:35","date_gmt":"2025-10-12T19:41:35","guid":{"rendered":"https:\/\/sppolna.gminagrybow.pl\/?page_id=8391"},"modified":"2025-10-16T12:52:59","modified_gmt":"2025-10-16T10:52:59","slug":"ubezpieczenie","status":"publish","type":"page","link":"https:\/\/sppolna.gminagrybow.pl\/?page_id=8391","title":{"rendered":"Ubezpieczenie"},"content":{"rendered":"<p style=\"text-align: center;\"><strong>\u201eJAK\u00a0ZG\u0141OSI\u0106\u00a0SZKOD\u0118\u201d<\/strong><\/p>\n<p>1.\u00a0\u00a0Wype\u0142nij formularz zg\u0142oszenia szkody dost\u0119pny w\u00a0\u00a0sekretariacie szko\u0142y, lub klikaj\u0105c na link <a href=\"https:\/\/sppolna.gminagrybow.pl\/wp-content\/uploads\/2025\/10\/Formularz-zglaszania-szkody.pdf\" target=\"_blank\" rel=\"noopener\">Formularz zg\u0142aszania szkody<\/a><\/p>\n<p style=\"text-align: center;\">2.\u00a0\u00a0<strong>Zg\u0142o\u015b si\u0119 do Biura Us\u0142ugowego _\u201ePro Calculo\u201d ul. Grunwaldzka 23\/3, 33-330 Gryb\u00f3w<\/strong>, a pomo\u017cemy Ci zg\u0142osi\u0107 szkod\u0119 lub zg\u0142o\u015b szkod\u0119 za po\u015brednictwem strony internetowej www.compensa.pl<\/p>\n","protected":false},"excerpt":{"rendered":"<p>\u201eJAK\u00a0ZG\u0141OSI\u0106\u00a0SZKOD\u0118\u201d 1.\u00a0\u00a0Wype\u0142nij formularz zg\u0142oszenia szkody dost\u0119pny w\u00a0\u00a0sekretariacie szko\u0142y, lub klikaj\u0105c na link Formularz zg\u0142aszania szkody 2.\u00a0\u00a0Zg\u0142o\u015b si\u0119 do Biura Us\u0142ugowego<\/p>\n","protected":false},"author":1,"featured_media":0,"parent":0,"menu_order":0,"comment_status":"closed","ping_status":"closed","template":"","meta":{"footnotes":""},"_links":{"self":[{"href":"https:\/\/sppolna.gminagrybow.pl\/index.php?rest_route=\/wp\/v2\/pages\/8391"}],"collection":[{"href":"https:\/\/sppolna.gminagrybow.pl\/index.php?rest_route=\/wp\/v2\/pages"}],"about":[{"href":"https:\/\/sppolna.gminagrybow.pl\/index.php?rest_route=\/wp\/v2\/types\/page"}],"author":[{"embeddable":true,"href":"https:\/\/sppolna.gminagrybow.pl\/index.php?rest_route=\/wp\/v2\/users\/1"}],"replies":[{"embeddable":true,"href":"https:\/\/sppolna.gminagrybow.pl\/index.php?rest_route=%2Fwp%2Fv2%2Fcomments&post=8391"}],"version-history":[{"count":5,"href":"https:\/\/sppolna.gminagrybow.pl\/index.php?rest_route=\/wp\/v2\/pages\/8391\/revisions"}],"predecessor-version":[{"id":8411,"href":"https:\/\/sppolna.gminagrybow.pl\/index.php?rest_route=\/wp\/v2\/pages\/8391\/revisions\/8411"}],"wp:attachment":[{"href":"https:\/\/sppolna.gminagrybow.pl\/index.php?rest_route=%2Fwp%2Fv2%2Fmedia&parent=8391"}],"curies":[{"name":"wp","href":"https:\/\/api.w.org\/{rel}","templated":true}]}}